{"id":12285,"date":"2026-01-23T21:43:16","date_gmt":"2026-01-23T21:43:16","guid":{"rendered":"https:\/\/joinaresearchstudy.com\/?page_id=12285"},"modified":"2026-01-30T18:29:50","modified_gmt":"2026-01-30T18:29:50","slug":"mash-mafld-qualified","status":"publish","type":"page","link":"https:\/\/joinaresearchstudy.com\/es\/mash-mafld-qualified\/","title":{"rendered":"Estudio MASH\/MAFLD calificado"},"content":{"rendered":"<div data-elementor-type=\"wp-page\" data-elementor-id=\"12285\" class=\"elementor elementor-12285\" data-elementor-post-type=\"page\">\n\t\t\t\t<div class=\"elementor-element elementor-element-acd3fdd e-flex e-con-boxed e-con e-parent\" data-id=\"acd3fdd\" data-element_type=\"container\" data-e-type=\"container\" data-settings=\"{&quot;background_background&quot;:&quot;gradient&quot;}\">\n\t\t\t\t\t<div class=\"e-con-inner\">\n\t\t\t\t<div class=\"elementor-element elementor-element-36ef532 elementor-widget-tablet__width-initial elementor-widget elementor-widget-heading\" data-id=\"36ef532\" data-element_type=\"widget\" data-e-type=\"widget\" data-widget_type=\"heading.default\">\n\t\t\t\t\t<h1 class=\"elementor-heading-title elementor-size-default\"><span style=\"color:#82c341\">\u00a1Gracias!<\/span><br \/><\/h1>\t\t\t\t<\/div>\n\t\t\t\t<div class=\"elementor-element elementor-element-654ce2b elementor-widget elementor-widget-heading\" data-id=\"654ce2b\" data-element_type=\"widget\" data-e-type=\"widget\" data-widget_type=\"heading.default\">\n\t\t\t\t\t<h2 class=\"elementor-heading-title elementor-size-default\">Gracias por su inter\u00e9s en este ensayo cl\u00ednico para MASH y MAFLD.\n\n<\/h2>\t\t\t\t<\/div>\n\t\t\t\t<div class=\"elementor-element elementor-element-53d4559 elementor-widget__width-initial elementor-widget-mobile__width-inherit elementor-widget elementor-widget-text-editor\" data-id=\"53d4559\" data-element_type=\"widget\" data-e-type=\"widget\" data-widget_type=\"text-editor.default\">\n\t\t\t\t\t\t\t\t\t<p>Hemos recibido su cuestionario y un representante se pondr\u00e1 en contacto con usted en breve para ofrecerle m\u00e1s informaci\u00f3n sobre su participaci\u00f3n en este estudio de investigaci\u00f3n. Puede cerrar esta ventana o visitar nuestro sitio web para ver nuestros otros ensayos cl\u00ednicos que est\u00e1n inscribiendo pacientes.<\/p>\t\t\t\t\t\t\t\t<\/div>\n\t\t\t\t<div class=\"elementor-element elementor-element-62859e0 elementor-mobile-align-center elementor-widget elementor-widget-button\" data-id=\"62859e0\" data-element_type=\"widget\" data-e-type=\"widget\" data-widget_type=\"button.default\">\n\t\t\t\t\t\t\t\t\t\t<a class=\"elementor-button elementor-button-link elementor-size-sm\" href=\"https:\/\/joinaresearchstudy.com\/es\/\">\n\t\t\t\t\t\t<span class=\"elementor-button-content-wrapper\">\n\t\t\t\t\t\t\t\t\t<span class=\"elementor-button-text\">Ver estudios actuales<\/span>\n\t\t\t\t\t<\/span>\n\t\t\t\t\t<\/a>\n\t\t\t\t\t\t\t\t<\/div>\n\t\t\t\t<div class=\"elementor-element elementor-element-fea0ea2 elementor-widget elementor-widget-html\" data-id=\"fea0ea2\" data-element_type=\"widget\" data-e-type=\"widget\" data-widget_type=\"html.default\">\n\t\t\t\t\t<script>\r\n  fbq('track', 'Lead');\r\n<\/script>\r\n\t\t\t\t<\/div>\n\t\t\t\t<div class=\"elementor-element elementor-element-fb85379 elementor-absolute elementor-widget-mobile__width-inherit elementor-view-default elementor-invisible elementor-widget elementor-widget-icon\" data-id=\"fb85379\" data-element_type=\"widget\" data-e-type=\"widget\" data-settings=\"{&quot;_position&quot;:&quot;absolute&quot;,&quot;_animation&quot;:&quot;slideInDown&quot;}\" data-widget_type=\"icon.default\">\n\t\t\t\t\t\t\t<div class=\"elementor-icon-wrapper\">\n\t\t\t<a class=\"elementor-icon elementor-animation-sink\" href=\"#next\">\n\t\t\t\t\t\t<\/a>\n\t\t<\/div>\n\t\t\t\t\t\t<\/div>\n\t\t\t\t\t<\/div>\n\t\t\t\t<\/div>\n\t\t\t\t<\/div>","protected":false},"excerpt":{"rendered":"<p>\u00a1Gracias! Gracias por su inter\u00e9s en este ensayo cl\u00ednico para MASH y MAFLD. Hemos recibido su cuestionario y un representante se pondr\u00e1 en contacto con usted en breve para brindarle m\u00e1s informaci\u00f3n sobre c\u00f3mo participar en este estudio de investigaci\u00f3n. Puede cerrar esta ventana de forma segura o visitar nuestro sitio web para ver nuestros otros ensayos cl\u00ednicos que est\u00e1n inscribiendo pacientes. <\/p>\n<p class=\"read-more-container\"><a title=\"Estudio MASH\/MAFLD calificado\" class=\"read-more button\" href=\"https:\/\/joinaresearchstudy.com\/es\/mash-mafld-qualified\/#more-12285\" aria-label=\"Leer m\u00e1s sobre Estudio MASH\/MAFLD Calificado\">Leer m\u00e1s<\/a><\/p>","protected":false},"author":1,"featured_media":0,"parent":0,"menu_order":0,"comment_status":"closed","ping_status":"closed","template":"elementor_canvas","meta":{"footnotes":""},"class_list":{"0":"post-12285","1":"page","2":"type-page","3":"status-publish","5":"infinite-scroll-item"},"yoast_head":"<!-- This site is optimized with the Yoast SEO plugin v27.3 - https:\/\/yoast.com\/product\/yoast-seo-wordpress\/ -->\n<title>MASH\/MAFLD Study Qualified - Evolution Research Group<\/title>\n<meta name=\"robots\" content=\"index, follow, max-snippet:-1, max-image-preview:large, max-video-preview:-1\" \/>\n<link rel=\"canonical\" href=\"https:\/\/joinaresearchstudy.com\/es\/mash-mafld-qualified\/\" \/>\n<meta property=\"og:locale\" content=\"es_MX\" \/>\n<meta property=\"og:type\" content=\"article\" \/>\n<meta property=\"og:title\" content=\"MASH\/MAFLD Study Qualified - Evolution Research Group\" \/>\n<meta property=\"og:description\" content=\"Thank You! Thank you for your interest in this clinical trial for MASH &amp; MAFLD. We have received your questionnaire and a representative will contact you soon with more information about participating in this research study. You can safely close this window, or go to our website to see our other clinical trials enrolling now. ... Read more\" \/>\n<meta property=\"og:url\" content=\"https:\/\/joinaresearchstudy.com\/es\/mash-mafld-qualified\/\" \/>\n<meta property=\"og:site_name\" content=\"Evolution Research Group\" \/>\n<meta property=\"article:modified_time\" content=\"2026-01-30T18:29:50+00:00\" \/>\n<meta name=\"twitter:card\" content=\"summary_large_image\" \/>\n<meta name=\"twitter:label1\" content=\"Tiempo de lectura\" \/>\n\t<meta name=\"twitter:data1\" content=\"1 minuto\" \/>\n<script type=\"application\/ld+json\" class=\"yoast-schema-graph\">{\"@context\":\"https:\\\/\\\/schema.org\",\"@graph\":[{\"@type\":\"WebPage\",\"@id\":\"https:\\\/\\\/joinaresearchstudy.com\\\/mash-mafld-qualified\\\/\",\"url\":\"https:\\\/\\\/joinaresearchstudy.com\\\/mash-mafld-qualified\\\/\",\"name\":\"MASH\\\/MAFLD Study Qualified - Evolution Research Group\",\"isPartOf\":{\"@id\":\"https:\\\/\\\/joinaresearchstudy.com\\\/#website\"},\"datePublished\":\"2026-01-23T21:43:16+00:00\",\"dateModified\":\"2026-01-30T18:29:50+00:00\",\"breadcrumb\":{\"@id\":\"https:\\\/\\\/joinaresearchstudy.com\\\/mash-mafld-qualified\\\/#breadcrumb\"},\"inLanguage\":\"es\",\"potentialAction\":[{\"@type\":\"ReadAction\",\"target\":[\"https:\\\/\\\/joinaresearchstudy.com\\\/mash-mafld-qualified\\\/\"]}]},{\"@type\":\"BreadcrumbList\",\"@id\":\"https:\\\/\\\/joinaresearchstudy.com\\\/mash-mafld-qualified\\\/#breadcrumb\",\"itemListElement\":[{\"@type\":\"ListItem\",\"position\":1,\"name\":\"Home\",\"item\":\"https:\\\/\\\/joinaresearchstudy.com\\\/\"},{\"@type\":\"ListItem\",\"position\":2,\"name\":\"MASH\\\/MAFLD Study Qualified\"}]},{\"@type\":\"WebSite\",\"@id\":\"https:\\\/\\\/joinaresearchstudy.com\\\/#website\",\"url\":\"https:\\\/\\\/joinaresearchstudy.com\\\/\",\"name\":\"Evolution Research Group\",\"description\":\"Join a Research Study\",\"publisher\":{\"@id\":\"https:\\\/\\\/joinaresearchstudy.com\\\/#organization\"},\"potentialAction\":[{\"@type\":\"SearchAction\",\"target\":{\"@type\":\"EntryPoint\",\"urlTemplate\":\"https:\\\/\\\/joinaresearchstudy.com\\\/?s={search_term_string}\"},\"query-input\":{\"@type\":\"PropertyValueSpecification\",\"valueRequired\":true,\"valueName\":\"search_term_string\"}}],\"inLanguage\":\"es\"},{\"@type\":\"Organization\",\"@id\":\"https:\\\/\\\/joinaresearchstudy.com\\\/#organization\",\"name\":\"Evolution Research Group\",\"url\":\"https:\\\/\\\/joinaresearchstudy.com\\\/\",\"logo\":{\"@type\":\"ImageObject\",\"inLanguage\":\"es\",\"@id\":\"https:\\\/\\\/joinaresearchstudy.com\\\/#\\\/schema\\\/logo\\\/image\\\/\",\"url\":\"https:\\\/\\\/joinaresearchstudy.com\\\/wp-content\\\/uploads\\\/2020\\\/05\\\/ERG-JARS_LOGO.png\",\"contentUrl\":\"https:\\\/\\\/joinaresearchstudy.com\\\/wp-content\\\/uploads\\\/2020\\\/05\\\/ERG-JARS_LOGO.png\",\"width\":587,\"height\":170,\"caption\":\"Evolution Research Group\"},\"image\":{\"@id\":\"https:\\\/\\\/joinaresearchstudy.com\\\/#\\\/schema\\\/logo\\\/image\\\/\"}}]}<\/script>\n<!-- \/ Yoast SEO plugin. -->","yoast_head_json":{"title":"Estudio MASH\/MAFLD aprobado - Evolution Research Group","robots":{"index":"index","follow":"follow","max-snippet":"max-snippet:-1","max-image-preview":"max-image-preview:large","max-video-preview":"max-video-preview:-1"},"canonical":"https:\/\/joinaresearchstudy.com\/es\/mash-mafld-qualified\/","og_locale":"es_MX","og_type":"article","og_title":"MASH\/MAFLD Study Qualified - Evolution Research Group","og_description":"Thank You! Thank you for your interest in this clinical trial for MASH &amp; MAFLD. We have received your questionnaire and a representative will contact you soon with more information about participating in this research study. You can safely close this window, or go to our website to see our other clinical trials enrolling now. ... Read more","og_url":"https:\/\/joinaresearchstudy.com\/es\/mash-mafld-qualified\/","og_site_name":"Evolution Research Group","article_modified_time":"2026-01-30T18:29:50+00:00","twitter_card":"summary_large_image","twitter_misc":{"Tiempo de lectura":"1 minuto"},"schema":{"@context":"https:\/\/schema.org","@graph":[{"@type":"WebPage","@id":"https:\/\/joinaresearchstudy.com\/mash-mafld-qualified\/","url":"https:\/\/joinaresearchstudy.com\/mash-mafld-qualified\/","name":"Estudio MASH\/MAFLD aprobado - Evolution Research Group","isPartOf":{"@id":"https:\/\/joinaresearchstudy.com\/#website"},"datePublished":"2026-01-23T21:43:16+00:00","dateModified":"2026-01-30T18:29:50+00:00","breadcrumb":{"@id":"https:\/\/joinaresearchstudy.com\/mash-mafld-qualified\/#breadcrumb"},"inLanguage":"es","potentialAction":[{"@type":"ReadAction","target":["https:\/\/joinaresearchstudy.com\/mash-mafld-qualified\/"]}]},{"@type":"BreadcrumbList","@id":"https:\/\/joinaresearchstudy.com\/mash-mafld-qualified\/#breadcrumb","itemListElement":[{"@type":"ListItem","position":1,"name":"Home","item":"https:\/\/joinaresearchstudy.com\/"},{"@type":"ListItem","position":2,"name":"MASH\/MAFLD Study Qualified"}]},{"@type":"WebSite","@id":"https:\/\/joinaresearchstudy.com\/#website","url":"https:\/\/joinaresearchstudy.com\/","name":"Grupo de Investigaci\u00f3n de la Evoluci\u00f3n","description":"\u00danase a un estudio de investigaci\u00f3n","publisher":{"@id":"https:\/\/joinaresearchstudy.com\/#organization"},"potentialAction":[{"@type":"SearchAction","target":{"@type":"EntryPoint","urlTemplate":"https:\/\/joinaresearchstudy.com\/?s={search_term_string}"},"query-input":{"@type":"PropertyValueSpecification","valueRequired":true,"valueName":"search_term_string"}}],"inLanguage":"es"},{"@type":"Organization","@id":"https:\/\/joinaresearchstudy.com\/#organization","name":"Grupo de Investigaci\u00f3n de la Evoluci\u00f3n","url":"https:\/\/joinaresearchstudy.com\/","logo":{"@type":"ImageObject","inLanguage":"es","@id":"https:\/\/joinaresearchstudy.com\/#\/schema\/logo\/image\/","url":"https:\/\/joinaresearchstudy.com\/wp-content\/uploads\/2020\/05\/ERG-JARS_LOGO.png","contentUrl":"https:\/\/joinaresearchstudy.com\/wp-content\/uploads\/2020\/05\/ERG-JARS_LOGO.png","width":587,"height":170,"caption":"Evolution Research Group"},"image":{"@id":"https:\/\/joinaresearchstudy.com\/#\/schema\/logo\/image\/"}}]}},"_links":{"self":[{"href":"https:\/\/joinaresearchstudy.com\/es\/wp-json\/wp\/v2\/pages\/12285","targetHints":{"allow":["GET"]}}],"collection":[{"href":"https:\/\/joinaresearchstudy.com\/es\/wp-json\/wp\/v2\/pages"}],"about":[{"href":"https:\/\/joinaresearchstudy.com\/es\/wp-json\/wp\/v2\/types\/page"}],"author":[{"embeddable":true,"href":"https:\/\/joinaresearchstudy.com\/es\/wp-json\/wp\/v2\/users\/1"}],"replies":[{"embeddable":true,"href":"https:\/\/joinaresearchstudy.com\/es\/wp-json\/wp\/v2\/comments?post=12285"}],"version-history":[{"count":0,"href":"https:\/\/joinaresearchstudy.com\/es\/wp-json\/wp\/v2\/pages\/12285\/revisions"}],"wp:attachment":[{"href":"https:\/\/joinaresearchstudy.com\/es\/wp-json\/wp\/v2\/media?parent=12285"}],"curies":[{"name":"gracias","href":"https:\/\/api.w.org\/{rel}","templated":true}]}}