{"id":12350,"date":"2026-01-30T18:28:34","date_gmt":"2026-01-30T18:28:34","guid":{"rendered":"https:\/\/joinaresearchstudy.com\/?page_id=12350"},"modified":"2026-01-30T18:35:41","modified_gmt":"2026-01-30T18:35:41","slug":"obesity-t2d-study-disqualified","status":"publish","type":"page","link":"https:\/\/joinaresearchstudy.com\/es\/obesity-t2d-study-disqualified\/","title":{"rendered":"Estudio sobre obesidad y diabetes tipo 2 descalificado"},"content":{"rendered":"<div data-elementor-type=\"wp-page\" data-elementor-id=\"12350\" class=\"elementor elementor-12350\" data-elementor-post-type=\"page\">\n\t\t\t\t<div class=\"elementor-element elementor-element-e10917a e-flex e-con-boxed e-con e-parent\" data-id=\"e10917a\" data-element_type=\"container\" data-e-type=\"container\" data-settings=\"{&quot;background_background&quot;:&quot;gradient&quot;}\">\n\t\t\t\t\t<div class=\"e-con-inner\">\n\t\t\t\t<div class=\"elementor-element elementor-element-22e695b elementor-widget-tablet__width-initial elementor-widget elementor-widget-heading\" data-id=\"22e695b\" data-element_type=\"widget\" data-e-type=\"widget\" data-widget_type=\"heading.default\">\n\t\t\t\t\t<h1 class=\"elementor-heading-title elementor-size-default\"><span style=\"color:#82c341\">\u00a1Gracias!<\/span><\/h1>\t\t\t\t<\/div>\n\t\t\t\t<div class=\"elementor-element elementor-element-0f147e9 elementor-widget elementor-widget-heading\" data-id=\"0f147e9\" data-element_type=\"widget\" data-e-type=\"widget\" data-widget_type=\"heading.default\">\n\t\t\t\t\t<h2 class=\"elementor-heading-title elementor-size-default\">Lamentablemente usted no cumple con los criterios de ingreso para este estudio.<\/h2>\t\t\t\t<\/div>\n\t\t\t\t<div class=\"elementor-element elementor-element-b73576a elementor-widget__width-initial elementor-widget-mobile__width-inherit elementor-widget elementor-widget-text-editor\" data-id=\"b73576a\" data-element_type=\"widget\" data-e-type=\"widget\" data-widget_type=\"text-editor.default\">\n\t\t\t\t\t\t\t\t\t<p>Gracias por su inter\u00e9s en este ensayo cl\u00ednico para la diabetes tipo 2 y el control del peso. Seg\u00fan la informaci\u00f3n proporcionada, este estudio en particular no es compatible en este momento.<\/p><p>Sin embargo, puede haber otras oportunidades disponibles. Visite nuestro sitio web para explorar ensayos cl\u00ednicos y estudios de investigaci\u00f3n adicionales que podr\u00edan ser m\u00e1s adecuados para usted.<\/p>\t\t\t\t\t\t\t\t<\/div>\n\t\t\t\t<div class=\"elementor-element elementor-element-375ad91 elementor-mobile-align-center elementor-widget elementor-widget-button\" data-id=\"375ad91\" data-element_type=\"widget\" data-e-type=\"widget\" data-widget_type=\"button.default\">\n\t\t\t\t\t\t\t\t\t\t<a class=\"elementor-button elementor-button-link elementor-size-sm\" href=\"https:\/\/joinaresearchstudy.com\/es\/\">\n\t\t\t\t\t\t<span class=\"elementor-button-content-wrapper\">\n\t\t\t\t\t\t\t\t\t<span class=\"elementor-button-text\">Ver estudios actuales<\/span>\n\t\t\t\t\t<\/span>\n\t\t\t\t\t<\/a>\n\t\t\t\t\t\t\t\t<\/div>\n\t\t\t\t<div class=\"elementor-element elementor-element-b68a9e6 elementor-absolute elementor-widget-mobile__width-inherit elementor-view-default elementor-invisible elementor-widget elementor-widget-icon\" data-id=\"b68a9e6\" data-element_type=\"widget\" data-e-type=\"widget\" data-settings=\"{&quot;_position&quot;:&quot;absolute&quot;,&quot;_animation&quot;:&quot;slideInDown&quot;}\" data-widget_type=\"icon.default\">\n\t\t\t\t\t\t\t<div class=\"elementor-icon-wrapper\">\n\t\t\t<a class=\"elementor-icon elementor-animation-sink\" href=\"#next\">\n\t\t\t\t\t\t<\/a>\n\t\t<\/div>\n\t\t\t\t\t\t<\/div>\n\t\t\t\t\t<\/div>\n\t\t\t\t<\/div>\n\t\t\t\t<\/div>","protected":false},"excerpt":{"rendered":"<p>\u00a1Gracias! Lamentablemente, no cumple con los criterios de admisi\u00f3n para este estudio. Gracias por su inter\u00e9s en este ensayo cl\u00ednico sobre diabetes tipo 2 y control de peso. Seg\u00fan la informaci\u00f3n proporcionada, este estudio en particular no es adecuado en este momento. Sin embargo, podr\u00eda haber otras oportunidades disponibles. Visite nuestro sitio web para\u2026 <\/p>\n<p class=\"read-more-container\"><a title=\"Estudio sobre obesidad y diabetes tipo 2 descalificado\" class=\"read-more button\" href=\"https:\/\/joinaresearchstudy.com\/es\/obesity-t2d-study-disqualified\/#more-12350\" aria-label=\"Leer m\u00e1s sobre Descalificado estudio sobre obesidad\/DT2\">Leer m\u00e1s<\/a><\/p>","protected":false},"author":1,"featured_media":0,"parent":0,"menu_order":0,"comment_status":"closed","ping_status":"closed","template":"elementor_canvas","meta":{"footnotes":""},"class_list":{"0":"post-12350","1":"page","2":"type-page","3":"status-publish","5":"infinite-scroll-item"},"yoast_head":"<!-- This site is optimized with the Yoast SEO plugin v27.4 - https:\/\/yoast.com\/product\/yoast-seo-wordpress\/ -->\n<title>Obesity \/ T2D Study Disqualified - Evolution Research Group<\/title>\n<meta name=\"robots\" content=\"index, follow, max-snippet:-1, max-image-preview:large, max-video-preview:-1\" \/>\n<link rel=\"canonical\" href=\"https:\/\/joinaresearchstudy.com\/es\/obesity-t2d-study-disqualified\/\" \/>\n<meta property=\"og:locale\" content=\"es_MX\" \/>\n<meta property=\"og:type\" content=\"article\" \/>\n<meta property=\"og:title\" content=\"Obesity \/ T2D Study Disqualified - Evolution Research Group\" \/>\n<meta property=\"og:description\" content=\"Thank You! Unfortunately, you do not meet the entry criteria for this study. Thank you for your interest in this clinical trial for Type 2 Diabetes &amp; Weight Management. Based on the information provided, this particular study isn\u2019t a match at this time. However, there may be other opportunities available. Please visit our website to ... Read more\" \/>\n<meta property=\"og:url\" content=\"https:\/\/joinaresearchstudy.com\/es\/obesity-t2d-study-disqualified\/\" \/>\n<meta property=\"og:site_name\" content=\"Evolution Research Group\" \/>\n<meta property=\"article:modified_time\" content=\"2026-01-30T18:35:41+00:00\" \/>\n<meta name=\"twitter:card\" content=\"summary_large_image\" \/>\n<meta name=\"twitter:label1\" content=\"Tiempo de lectura\" \/>\n\t<meta name=\"twitter:data1\" content=\"1 minuto\" \/>\n<script type=\"application\/ld+json\" class=\"yoast-schema-graph\">{\"@context\":\"https:\\\/\\\/schema.org\",\"@graph\":[{\"@type\":\"WebPage\",\"@id\":\"https:\\\/\\\/joinaresearchstudy.com\\\/obesity-t2d-study-disqualified\\\/\",\"url\":\"https:\\\/\\\/joinaresearchstudy.com\\\/obesity-t2d-study-disqualified\\\/\",\"name\":\"Obesity \\\/ T2D Study Disqualified - Evolution Research Group\",\"isPartOf\":{\"@id\":\"https:\\\/\\\/joinaresearchstudy.com\\\/#website\"},\"datePublished\":\"2026-01-30T18:28:34+00:00\",\"dateModified\":\"2026-01-30T18:35:41+00:00\",\"breadcrumb\":{\"@id\":\"https:\\\/\\\/joinaresearchstudy.com\\\/obesity-t2d-study-disqualified\\\/#breadcrumb\"},\"inLanguage\":\"es\",\"potentialAction\":[{\"@type\":\"ReadAction\",\"target\":[\"https:\\\/\\\/joinaresearchstudy.com\\\/obesity-t2d-study-disqualified\\\/\"]}]},{\"@type\":\"BreadcrumbList\",\"@id\":\"https:\\\/\\\/joinaresearchstudy.com\\\/obesity-t2d-study-disqualified\\\/#breadcrumb\",\"itemListElement\":[{\"@type\":\"ListItem\",\"position\":1,\"name\":\"Home\",\"item\":\"https:\\\/\\\/joinaresearchstudy.com\\\/\"},{\"@type\":\"ListItem\",\"position\":2,\"name\":\"Obesity \\\/ T2D Study Disqualified\"}]},{\"@type\":\"WebSite\",\"@id\":\"https:\\\/\\\/joinaresearchstudy.com\\\/#website\",\"url\":\"https:\\\/\\\/joinaresearchstudy.com\\\/\",\"name\":\"Evolution Research Group\",\"description\":\"Join a Research Study\",\"publisher\":{\"@id\":\"https:\\\/\\\/joinaresearchstudy.com\\\/#organization\"},\"potentialAction\":[{\"@type\":\"SearchAction\",\"target\":{\"@type\":\"EntryPoint\",\"urlTemplate\":\"https:\\\/\\\/joinaresearchstudy.com\\\/?s={search_term_string}\"},\"query-input\":{\"@type\":\"PropertyValueSpecification\",\"valueRequired\":true,\"valueName\":\"search_term_string\"}}],\"inLanguage\":\"es\"},{\"@type\":\"Organization\",\"@id\":\"https:\\\/\\\/joinaresearchstudy.com\\\/#organization\",\"name\":\"Evolution Research Group\",\"url\":\"https:\\\/\\\/joinaresearchstudy.com\\\/\",\"logo\":{\"@type\":\"ImageObject\",\"inLanguage\":\"es\",\"@id\":\"https:\\\/\\\/joinaresearchstudy.com\\\/#\\\/schema\\\/logo\\\/image\\\/\",\"url\":\"https:\\\/\\\/joinaresearchstudy.com\\\/wp-content\\\/uploads\\\/2020\\\/05\\\/ERG-JARS_LOGO.png\",\"contentUrl\":\"https:\\\/\\\/joinaresearchstudy.com\\\/wp-content\\\/uploads\\\/2020\\\/05\\\/ERG-JARS_LOGO.png\",\"width\":587,\"height\":170,\"caption\":\"Evolution Research Group\"},\"image\":{\"@id\":\"https:\\\/\\\/joinaresearchstudy.com\\\/#\\\/schema\\\/logo\\\/image\\\/\"}}]}<\/script>\n<!-- \/ Yoast SEO plugin. -->","yoast_head_json":{"title":"Estudio sobre obesidad y diabetes tipo 2 descalificado - Evolution Research Group","robots":{"index":"index","follow":"follow","max-snippet":"max-snippet:-1","max-image-preview":"max-image-preview:large","max-video-preview":"max-video-preview:-1"},"canonical":"https:\/\/joinaresearchstudy.com\/es\/obesity-t2d-study-disqualified\/","og_locale":"es_MX","og_type":"article","og_title":"Obesity \/ T2D Study Disqualified - Evolution Research Group","og_description":"Thank You! Unfortunately, you do not meet the entry criteria for this study. Thank you for your interest in this clinical trial for Type 2 Diabetes &amp; Weight Management. Based on the information provided, this particular study isn\u2019t a match at this time. However, there may be other opportunities available. Please visit our website to ... Read more","og_url":"https:\/\/joinaresearchstudy.com\/es\/obesity-t2d-study-disqualified\/","og_site_name":"Evolution Research Group","article_modified_time":"2026-01-30T18:35:41+00:00","twitter_card":"summary_large_image","twitter_misc":{"Tiempo de lectura":"1 minuto"},"schema":{"@context":"https:\/\/schema.org","@graph":[{"@type":"WebPage","@id":"https:\/\/joinaresearchstudy.com\/obesity-t2d-study-disqualified\/","url":"https:\/\/joinaresearchstudy.com\/obesity-t2d-study-disqualified\/","name":"Estudio sobre obesidad y diabetes tipo 2 descalificado - Evolution Research Group","isPartOf":{"@id":"https:\/\/joinaresearchstudy.com\/#website"},"datePublished":"2026-01-30T18:28:34+00:00","dateModified":"2026-01-30T18:35:41+00:00","breadcrumb":{"@id":"https:\/\/joinaresearchstudy.com\/obesity-t2d-study-disqualified\/#breadcrumb"},"inLanguage":"es","potentialAction":[{"@type":"ReadAction","target":["https:\/\/joinaresearchstudy.com\/obesity-t2d-study-disqualified\/"]}]},{"@type":"BreadcrumbList","@id":"https:\/\/joinaresearchstudy.com\/obesity-t2d-study-disqualified\/#breadcrumb","itemListElement":[{"@type":"ListItem","position":1,"name":"Home","item":"https:\/\/joinaresearchstudy.com\/"},{"@type":"ListItem","position":2,"name":"Obesity \/ T2D Study Disqualified"}]},{"@type":"WebSite","@id":"https:\/\/joinaresearchstudy.com\/#website","url":"https:\/\/joinaresearchstudy.com\/","name":"Grupo de Investigaci\u00f3n de la Evoluci\u00f3n","description":"\u00danase a un estudio de investigaci\u00f3n","publisher":{"@id":"https:\/\/joinaresearchstudy.com\/#organization"},"potentialAction":[{"@type":"SearchAction","target":{"@type":"EntryPoint","urlTemplate":"https:\/\/joinaresearchstudy.com\/?s={search_term_string}"},"query-input":{"@type":"PropertyValueSpecification","valueRequired":true,"valueName":"search_term_string"}}],"inLanguage":"es"},{"@type":"Organization","@id":"https:\/\/joinaresearchstudy.com\/#organization","name":"Grupo de Investigaci\u00f3n de la Evoluci\u00f3n","url":"https:\/\/joinaresearchstudy.com\/","logo":{"@type":"ImageObject","inLanguage":"es","@id":"https:\/\/joinaresearchstudy.com\/#\/schema\/logo\/image\/","url":"https:\/\/joinaresearchstudy.com\/wp-content\/uploads\/2020\/05\/ERG-JARS_LOGO.png","contentUrl":"https:\/\/joinaresearchstudy.com\/wp-content\/uploads\/2020\/05\/ERG-JARS_LOGO.png","width":587,"height":170,"caption":"Evolution Research Group"},"image":{"@id":"https:\/\/joinaresearchstudy.com\/#\/schema\/logo\/image\/"}}]}},"_links":{"self":[{"href":"https:\/\/joinaresearchstudy.com\/es\/wp-json\/wp\/v2\/pages\/12350","targetHints":{"allow":["GET"]}}],"collection":[{"href":"https:\/\/joinaresearchstudy.com\/es\/wp-json\/wp\/v2\/pages"}],"about":[{"href":"https:\/\/joinaresearchstudy.com\/es\/wp-json\/wp\/v2\/types\/page"}],"author":[{"embeddable":true,"href":"https:\/\/joinaresearchstudy.com\/es\/wp-json\/wp\/v2\/users\/1"}],"replies":[{"embeddable":true,"href":"https:\/\/joinaresearchstudy.com\/es\/wp-json\/wp\/v2\/comments?post=12350"}],"version-history":[{"count":0,"href":"https:\/\/joinaresearchstudy.com\/es\/wp-json\/wp\/v2\/pages\/12350\/revisions"}],"wp:attachment":[{"href":"https:\/\/joinaresearchstudy.com\/es\/wp-json\/wp\/v2\/media?parent=12350"}],"curies":[{"name":"gracias","href":"https:\/\/api.w.org\/{rel}","templated":true}]}}