{"id":166,"date":"2020-05-07T03:33:46","date_gmt":"2020-05-07T03:33:46","guid":{"rendered":"http:\/\/jars.wpengine.com\/?page_id=166"},"modified":"2024-04-09T19:41:19","modified_gmt":"2024-04-09T19:41:19","slug":"studies-delray","status":"publish","type":"page","link":"https:\/\/joinaresearchstudy.com\/es\/our-research-facilities\/brain-matters-research\/studies-delray\/","title":{"rendered":"Estudios en Delray, FL"},"content":{"rendered":"\t\t<div data-elementor-type=\"wp-page\" data-elementor-id=\"166\" class=\"elementor elementor-166\" data-elementor-post-type=\"page\">\n\t\t\t\t\t\t<section class=\"elementor-section elementor-top-section elementor-element elementor-element-8dcc63a elementor-section-stretched elementor-section-height-min-height elementor-section-boxed elementor-section-height-default elementor-section-items-middle\" data-id=\"8dcc63a\" data-element_type=\"section\" data-e-type=\"section\" data-settings=\"{&quot;stretch_section&quot;:&quot;section-stretched&quot;,&quot;background_background&quot;:&quot;classic&quot;,&quot;background_motion_fx_motion_fx_scrolling&quot;:&quot;yes&quot;,&quot;background_motion_fx_translateY_effect&quot;:&quot;yes&quot;,&quot;background_motion_fx_translateY_speed&quot;:{&quot;unit&quot;:&quot;px&quot;,&quot;size&quot;:4,&quot;sizes&quot;:[]},&quot;background_motion_fx_translateY_affectedRange&quot;:{&quot;unit&quot;:&quot;%&quot;,&quot;size&quot;:&quot;&quot;,&quot;sizes&quot;:{&quot;start&quot;:0,&quot;end&quot;:100}},&quot;background_motion_fx_devices&quot;:[&quot;desktop&quot;,&quot;tablet&quot;,&quot;mobile&quot;]}\">\n\t\t\t\t\t\t\t<div class=\"elementor-background-overlay\"><\/div>\n\t\t\t\t\t\t\t<div class=\"elementor-container elementor-column-gap-default\">\n\t\t\t\t\t<div class=\"elementor-column elementor-col-100 elementor-top-column elementor-element elementor-element-c9e7485\" data-id=\"c9e7485\" data-element_type=\"column\" data-e-type=\"column\">\n\t\t\t<div class=\"elementor-widget-wrap elementor-element-populated\">\n\t\t\t\t\t\t<div class=\"elementor-element elementor-element-f9c0e97 elementor-widget elementor-widget-image\" data-id=\"f9c0e97\" data-element_type=\"widget\" data-e-type=\"widget\" data-widget_type=\"image.default\">\n\t\t\t\t\t\t\t\t\t\t\t\t\t\t\t\t<a href=\"\/our-research-facilities\/brain-matters-research\/\">\n\t\t\t\t\t\t\t<img decoding=\"async\" width=\"270\" height=\"103\" src=\"https:\/\/joinaresearchstudy.com\/wp-content\/uploads\/2020\/05\/BMR-Blue-Logo.png\" class=\"attachment-medium size-medium wp-image-598\" alt=\"Brain Matters Research\" \/>\t\t\t\t\t\t\t\t<\/a>\n\t\t\t\t\t\t\t\t\t\t\t\t\t\t\t<\/div>\n\t\t\t\t\t<\/div>\n\t\t<\/div>\n\t\t\t\t\t<\/div>\n\t\t<\/section>\n\t\t\t\t<section class=\"elementor-section elementor-top-section elementor-element elementor-element-4145692 elementor-section-full_width elementor-reverse-mobile elementor-section-height-default elementor-section-height-default\" data-id=\"4145692\" data-element_type=\"section\" data-e-type=\"section\">\n\t\t\t\t\t\t<div class=\"elementor-container elementor-column-gap-wider\">\n\t\t\t\t\t<div class=\"elementor-column elementor-col-50 elementor-top-column elementor-element elementor-element-0c34af0\" data-id=\"0c34af0\" data-element_type=\"column\" data-e-type=\"column\">\n\t\t\t<div class=\"elementor-widget-wrap elementor-element-populated\">\n\t\t\t\t\t\t<section class=\"elementor-section elementor-inner-section elementor-element elementor-element-379878f elementor-section-boxed elementor-section-height-default elementor-section-height-default\" data-id=\"379878f\" data-element_type=\"section\" data-e-type=\"section\" data-settings=\"{&quot;background_background&quot;:&quot;classic&quot;}\">\n\t\t\t\t\t\t<div class=\"elementor-container elementor-column-gap-default\">\n\t\t\t\t\t<div class=\"elementor-column elementor-col-100 elementor-inner-column elementor-element elementor-element-abb1c92\" data-id=\"abb1c92\" data-element_type=\"column\" data-e-type=\"column\">\n\t\t\t<div class=\"elementor-widget-wrap elementor-element-populated\">\n\t\t\t\t\t\t<div class=\"elementor-element elementor-element-33d9e75 elementor-widget elementor-widget-google_maps\" data-id=\"33d9e75\" data-element_type=\"widget\" data-e-type=\"widget\" data-widget_type=\"google_maps.default\">\n\t\t\t\t\t\t\t<div class=\"elementor-custom-embed\">\n\t\t\t<iframe loading=\"lazy\"\n\t\t\t\t\tsrc=\"https:\/\/maps.google.com\/maps?q=800%20NW%2017th%20Avenue%20Delray%20Beach%2C%20FL%2033445&#038;t=m&#038;z=10&#038;output=embed&#038;iwloc=near\"\n\t\t\t\t\ttitle=\"800 NW 17th Avenue Delray Beach, FL 33445\"\n\t\t\t\t\taria-label=\"800 NW 17th Avenue Delray Beach, FL 33445\"\n\t\t\t><\/iframe>\n\t\t<\/div>\n\t\t\t\t\t\t<\/div>\n\t\t\t\t<div class=\"elementor-element elementor-element-f2e354d elementor-widget elementor-widget-heading\" data-id=\"f2e354d\" data-element_type=\"widget\" data-e-type=\"widget\" data-widget_type=\"heading.default\">\n\t\t\t\t\t<h3 class=\"elementor-heading-title elementor-size-default\">Brain Matters Research<br \/>(Delray Beach)<\/h3>\t\t\t\t<\/div>\n\t\t\t\t<div class=\"elementor-element elementor-element-6e135d5 elementor-icon-list--layout-traditional elementor-list-item-link-full_width elementor-widget elementor-widget-icon-list\" data-id=\"6e135d5\" data-element_type=\"widget\" data-e-type=\"widget\" data-widget_type=\"icon-list.default\">\n\t\t\t\t\t\t\t<ul class=\"elementor-icon-list-items\">\n\t\t\t\t\t\t\t<li class=\"elementor-icon-list-item\">\n\t\t\t\t\t\t\t\t\t\t\t<a href=\"https:\/\/maps.app.goo.gl\/RVshhUpi2j7qAtLR6\" target=\"_blank\">\n\n\t\t\t\t\t\t\t\t\t\t\t\t<span class=\"elementor-icon-list-icon\">\n\t\t\t\t\t\t\t<svg aria-hidden=\"true\" class=\"e-font-icon-svg e-fas-map-marker-alt\" viewBox=\"0 0 384 512\" xmlns=\"http:\/\/www.w3.org\/2000\/svg\"><path d=\"M172.268 501.67C26.97 291.031 0 269.413 0 192 0 85.961 85.961 0 192 0s192 85.961 192 192c0 77.413-26.97 99.031-172.268 309.67-9.535 13.774-29.93 13.773-39.464 0zM192 272c44.183 0 80-35.817 80-80s-35.817-80-80-80-80 35.817-80 80 35.817 80 80 80z\"><\/path><\/svg>\t\t\t\t\t\t<\/span>\n\t\t\t\t\t\t\t\t\t\t<span class=\"elementor-icon-list-text\">800 NW 17th Ave<br \/>Delray Beach, FL 33445<\/span>\n\t\t\t\t\t\t\t\t\t\t\t<\/a>\n\t\t\t\t\t\t\t\t\t<\/li>\n\t\t\t\t\t\t\t\t<li class=\"elementor-icon-list-item\">\n\t\t\t\t\t\t\t\t\t\t\t<a href=\"tel:5613748461\">\n\n\t\t\t\t\t\t\t\t\t\t\t\t<span class=\"elementor-icon-list-icon\">\n\t\t\t\t\t\t\t<svg aria-hidden=\"true\" class=\"e-font-icon-svg e-fas-phone-alt\" viewBox=\"0 0 512 512\" xmlns=\"http:\/\/www.w3.org\/2000\/svg\"><path d=\"M497.39 361.8l-112-48a24 24 0 0 0-28 6.9l-49.6 60.6A370.66 370.66 0 0 1 130.6 204.11l60.6-49.6a23.94 23.94 0 0 0 6.9-28l-48-112A24.16 24.16 0 0 0 122.6.61l-104 24A24 24 0 0 0 0 48c0 256.5 207.9 464 464 464a24 24 0 0 0 23.4-18.6l24-104a24.29 24.29 0 0 0-14.01-27.6z\"><\/path><\/svg>\t\t\t\t\t\t<\/span>\n\t\t\t\t\t\t\t\t\t\t<span class=\"elementor-icon-list-text\">561-374-8461<\/span>\n\t\t\t\t\t\t\t\t\t\t\t<\/a>\n\t\t\t\t\t\t\t\t\t<\/li>\n\t\t\t\t\t\t<\/ul>\n\t\t\t\t\t\t<\/div>\n\t\t\t\t<div class=\"elementor-element elementor-element-d291ae9 elementor-align-justify elementor-widget elementor-widget-button\" data-id=\"d291ae9\" data-element_type=\"widget\" data-e-type=\"widget\" data-widget_type=\"button.default\">\n\t\t\t\t\t\t\t\t\t\t<a class=\"elementor-button elementor-button-link elementor-size-md\" href=\"\/our-research-facilities\/brain-matters-research\/studies-delray\/\">\n\t\t\t\t\t\t<span class=\"elementor-button-content-wrapper\">\n\t\t\t\t\t\t<span class=\"elementor-button-icon\">\n\t\t\t\t<svg aria-hidden=\"true\" class=\"e-font-icon-svg e-fas-search\" viewBox=\"0 0 512 512\" xmlns=\"http:\/\/www.w3.org\/2000\/svg\"><path d=\"M505 442.7L405.3 343c-4.5-4.5-10.6-7-17-7H372c27.6-35.3 44-79.7 44-128C416 93.1 322.9 0 208 0S0 93.1 0 208s93.1 208 208 208c48.3 0 92.7-16.4 128-44v16.3c0 6.4 2.5 12.5 7 17l99.7 99.7c9.4 9.4 24.6 9.4 33.9 0l28.3-28.3c9.4-9.4 9.4-24.6.1-34zM208 336c-70.7 0-128-57.2-128-128 0-70.7 57.2-128 128-128 70.7 0 128 57.2 128 128 0 70.7-57.2 128-128 128z\"><\/path><\/svg>\t\t\t<\/span>\n\t\t\t\t\t\t\t\t\t<span class=\"elementor-button-text\">Enrolling Studies<\/span>\n\t\t\t\t\t<\/span>\n\t\t\t\t\t<\/a>\n\t\t\t\t\t\t\t\t<\/div>\n\t\t\t\t\t<\/div>\n\t\t<\/div>\n\t\t\t\t\t<\/div>\n\t\t<\/section>\n\t\t\t\t<div class=\"elementor-element elementor-element-e21a92b elementor-shape-circle elementor-grid-0 e-grid-align-center elementor-widget elementor-widget-social-icons\" data-id=\"e21a92b\" data-element_type=\"widget\" data-e-type=\"widget\" data-widget_type=\"social-icons.default\">\n\t\t\t\t\t\t\t<div class=\"elementor-social-icons-wrapper elementor-grid\" role=\"list\">\n\t\t\t\t\t\t\t<span class=\"elementor-grid-item\" role=\"listitem\">\n\t\t\t\t\t<a class=\"elementor-icon elementor-social-icon elementor-social-icon-facebook elementor-animation-grow elementor-repeater-item-9252e23\" href=\"https:\/\/www.facebook.com\/BrainMattersResearch\" target=\"_blank\">\n\t\t\t\t\t\t<span class=\"elementor-screen-only\">Facebook<\/span>\n\t\t\t\t\t\t<svg aria-hidden=\"true\" class=\"e-font-icon-svg e-fab-facebook\" viewBox=\"0 0 512 512\" xmlns=\"http:\/\/www.w3.org\/2000\/svg\"><path d=\"M504 256C504 119 393 8 256 8S8 119 8 256c0 123.78 90.69 226.38 209.25 245V327.69h-63V256h63v-54.64c0-62.15 37-96.48 93.67-96.48 27.14 0 55.52 4.84 55.52 4.84v61h-31.28c-30.8 0-40.41 19.12-40.41 38.73V256h68.78l-11 71.69h-57.78V501C413.31 482.38 504 379.78 504 256z\"><\/path><\/svg>\t\t\t\t\t<\/a>\n\t\t\t\t<\/span>\n\t\t\t\t\t\t\t<span class=\"elementor-grid-item\" role=\"listitem\">\n\t\t\t\t\t<a class=\"elementor-icon elementor-social-icon elementor-social-icon-twitter elementor-animation-grow elementor-repeater-item-4ca53c1\" href=\"https:\/\/twitter.com\/BrainMattersR\" target=\"_blank\">\n\t\t\t\t\t\t<span class=\"elementor-screen-only\">Twitter<\/span>\n\t\t\t\t\t\t<svg aria-hidden=\"true\" class=\"e-font-icon-svg e-fab-twitter\" viewBox=\"0 0 512 512\" xmlns=\"http:\/\/www.w3.org\/2000\/svg\"><path d=\"M459.37 151.716c.325 4.548.325 9.097.325 13.645 0 138.72-105.583 298.558-298.558 298.558-59.452 0-114.68-17.219-161.137-47.106 8.447.974 16.568 1.299 25.34 1.299 49.055 0 94.213-16.568 130.274-44.832-46.132-.975-84.792-31.188-98.112-72.772 6.498.974 12.995 1.624 19.818 1.624 9.421 0 18.843-1.3 27.614-3.573-48.081-9.747-84.143-51.98-84.143-102.985v-1.299c13.969 7.797 30.214 12.67 47.431 13.319-28.264-18.843-46.781-51.005-46.781-87.391 0-19.492 5.197-37.36 14.294-52.954 51.655 63.675 129.3 105.258 216.365 109.807-1.624-7.797-2.599-15.918-2.599-24.04 0-57.828 46.782-104.934 104.934-104.934 30.213 0 57.502 12.67 76.67 33.137 23.715-4.548 46.456-13.32 66.599-25.34-7.798 24.366-24.366 44.833-46.132 57.827 21.117-2.273 41.584-8.122 60.426-16.243-14.292 20.791-32.161 39.308-52.628 54.253z\"><\/path><\/svg>\t\t\t\t\t<\/a>\n\t\t\t\t<\/span>\n\t\t\t\t\t<\/div>\n\t\t\t\t\t\t<\/div>\n\t\t\t\t<div class=\"elementor-element elementor-element-96f6b74 elementor-align-center elementor-icon-list--layout-traditional elementor-list-item-link-full_width elementor-widget elementor-widget-icon-list\" data-id=\"96f6b74\" data-element_type=\"widget\" data-e-type=\"widget\" data-widget_type=\"icon-list.default\">\n\t\t\t\t\t\t\t<ul class=\"elementor-icon-list-items\">\n\t\t\t\t\t\t\t<li class=\"elementor-icon-list-item\">\n\t\t\t\t\t\t\t\t\t\t\t<a href=\"https:\/\/brainmattersresearch.com\/\" target=\"_blank\">\n\n\t\t\t\t\t\t\t\t\t\t\t\t<span class=\"elementor-icon-list-icon\">\n\t\t\t\t\t\t\t<i aria-hidden=\"true\" class=\"far fa-globe\"><\/i>\t\t\t\t\t\t<\/span>\n\t\t\t\t\t\t\t\t\t\t<span class=\"elementor-icon-list-text\">brainmattersresearch.com<\/span>\n\t\t\t\t\t\t\t\t\t\t\t<\/a>\n\t\t\t\t\t\t\t\t\t<\/li>\n\t\t\t\t\t\t<\/ul>\n\t\t\t\t\t\t<\/div>\n\t\t\t\t\t<\/div>\n\t\t<\/div>\n\t\t\t\t<div class=\"elementor-column elementor-col-50 elementor-top-column elementor-element elementor-element-931c8dc\" data-id=\"931c8dc\" data-element_type=\"column\" data-e-type=\"column\">\n\t\t\t<div class=\"elementor-widget-wrap elementor-element-populated\">\n\t\t\t\t\t\t<div class=\"elementor-element elementor-element-1697bc2 elementor-widget elementor-widget-heading\" data-id=\"1697bc2\" data-element_type=\"widget\" data-e-type=\"widget\" data-widget_type=\"heading.default\">\n\t\t\t\t\t<h1 class=\"elementor-heading-title elementor-size-default\"><a href=\"\/our-research-facilities\/brain-matters-research\/\"><i class=\"far fa-chevron-left\"><\/i> Brain Matters Research<\/a><\/h1>\t\t\t\t<\/div>\n\t\t\t\t<div class=\"elementor-element elementor-element-ff7c18f elementor-widget elementor-widget-text-editor\" data-id=\"ff7c18f\" data-element_type=\"widget\" data-e-type=\"widget\" data-widget_type=\"text-editor.default\">\n\t\t\t\t\t\t\t\t\t<p><script id=\"rtembed\" type=\"text\/javascript\" src=\"https:\/\/realtime-host01.com\/erg-bmr\/web\/v1\/embed?location=1&#038;scrollOffset=200&#038;referrer=Direct%20Visit\" ><\/script><\/p>\t\t\t\t\t\t\t\t<\/div>\n\t\t\t\t\t<\/div>\n\t\t<\/div>\n\t\t\t\t\t<\/div>\n\t\t<\/section>\n\t\t\t\t<\/div>\n\t\t","protected":false},"excerpt":{"rendered":"<p>Brain Matters Research (Delray Beach) 800 NW 17th AveDelray Beach, FL 33445 561-374-8461 Estudios de inscripci\u00f3n Facebook Twitter brainmattersresearch.com Brain Matters Research<\/p>","protected":false},"author":1,"featured_media":0,"parent":35,"menu_order":0,"comment_status":"closed","ping_status":"closed","template":"","meta":{"footnotes":""},"class_list":{"0":"post-166","1":"page","2":"type-page","3":"status-publish","5":"infinite-scroll-item"},"yoast_head":"<!-- This site is optimized with the Yoast SEO plugin v27.3 - https:\/\/yoast.com\/product\/yoast-seo-wordpress\/ -->\n<title>Enrolling studies in Delray Beach &amp; Stuart, FL | Brain Matters Research<\/title>\n<meta name=\"description\" content=\"Enrolling Studies in Delray Beach &amp; Stuart, Florida. Learn about your condition, gain access to treatments, compensation for time and travel.\" \/>\n<meta name=\"robots\" content=\"index, follow, max-snippet:-1, max-image-preview:large, max-video-preview:-1\" \/>\n<link rel=\"canonical\" href=\"https:\/\/joinaresearchstudy.com\/es\/our-research-facilities\/brain-matters-research\/studies-delray\/\" \/>\n<meta property=\"og:locale\" content=\"es_MX\" \/>\n<meta property=\"og:type\" content=\"article\" \/>\n<meta property=\"og:title\" content=\"Enrolling studies in Delray Beach &amp; Stuart, FL | Brain Matters Research\" \/>\n<meta property=\"og:description\" content=\"Enrolling Studies in Delray Beach &amp; Stuart, Florida. Learn about your condition, gain access to treatments, compensation for time and travel.\" \/>\n<meta property=\"og:url\" content=\"https:\/\/joinaresearchstudy.com\/es\/our-research-facilities\/brain-matters-research\/studies-delray\/\" \/>\n<meta property=\"og:site_name\" content=\"Evolution Research Group\" \/>\n<meta property=\"article:modified_time\" content=\"2024-04-09T19:41:19+00:00\" \/>\n<meta property=\"og:image\" content=\"https:\/\/joinaresearchstudy.com\/wp-content\/uploads\/2020\/05\/BMR-Blue-Logo.png\" \/>\n<meta name=\"twitter:card\" content=\"summary_large_image\" \/>\n<meta name=\"twitter:label1\" content=\"Tiempo de lectura\" \/>\n\t<meta name=\"twitter:data1\" content=\"3 minutos\" \/>\n<script type=\"application\/ld+json\" class=\"yoast-schema-graph\">{\"@context\":\"https:\\\/\\\/schema.org\",\"@graph\":[{\"@type\":\"WebPage\",\"@id\":\"https:\\\/\\\/joinaresearchstudy.com\\\/our-research-facilities\\\/brain-matters-research\\\/studies-delray\\\/\",\"url\":\"https:\\\/\\\/joinaresearchstudy.com\\\/our-research-facilities\\\/brain-matters-research\\\/studies-delray\\\/\",\"name\":\"Enrolling studies in Delray Beach & Stuart, FL | Brain Matters Research\",\"isPartOf\":{\"@id\":\"https:\\\/\\\/joinaresearchstudy.com\\\/#website\"},\"primaryImageOfPage\":{\"@id\":\"https:\\\/\\\/joinaresearchstudy.com\\\/our-research-facilities\\\/brain-matters-research\\\/studies-delray\\\/#primaryimage\"},\"image\":{\"@id\":\"https:\\\/\\\/joinaresearchstudy.com\\\/our-research-facilities\\\/brain-matters-research\\\/studies-delray\\\/#primaryimage\"},\"thumbnailUrl\":\"https:\\\/\\\/joinaresearchstudy.com\\\/wp-content\\\/uploads\\\/2020\\\/05\\\/BMR-Blue-Logo.png\",\"datePublished\":\"2020-05-07T03:33:46+00:00\",\"dateModified\":\"2024-04-09T19:41:19+00:00\",\"description\":\"Enrolling Studies in Delray Beach & Stuart, Florida. Learn about your condition, gain access to treatments, compensation for time and travel.\",\"breadcrumb\":{\"@id\":\"https:\\\/\\\/joinaresearchstudy.com\\\/our-research-facilities\\\/brain-matters-research\\\/studies-delray\\\/#breadcrumb\"},\"inLanguage\":\"es\",\"potentialAction\":[{\"@type\":\"ReadAction\",\"target\":[\"https:\\\/\\\/joinaresearchstudy.com\\\/our-research-facilities\\\/brain-matters-research\\\/studies-delray\\\/\"]}]},{\"@type\":\"ImageObject\",\"inLanguage\":\"es\",\"@id\":\"https:\\\/\\\/joinaresearchstudy.com\\\/our-research-facilities\\\/brain-matters-research\\\/studies-delray\\\/#primaryimage\",\"url\":\"https:\\\/\\\/joinaresearchstudy.com\\\/wp-content\\\/uploads\\\/2020\\\/05\\\/BMR-Blue-Logo.png\",\"contentUrl\":\"https:\\\/\\\/joinaresearchstudy.com\\\/wp-content\\\/uploads\\\/2020\\\/05\\\/BMR-Blue-Logo.png\"},{\"@type\":\"BreadcrumbList\",\"@id\":\"https:\\\/\\\/joinaresearchstudy.com\\\/our-research-facilities\\\/brain-matters-research\\\/studies-delray\\\/#breadcrumb\",\"itemListElement\":[{\"@type\":\"ListItem\",\"position\":1,\"name\":\"Home\",\"item\":\"https:\\\/\\\/joinaresearchstudy.com\\\/\"},{\"@type\":\"ListItem\",\"position\":2,\"name\":\"Our Research Facilities\",\"item\":\"https:\\\/\\\/joinaresearchstudy.com\\\/our-research-facilities\\\/\"},{\"@type\":\"ListItem\",\"position\":3,\"name\":\"Brain Matters Research\",\"item\":\"https:\\\/\\\/joinaresearchstudy.com\\\/our-research-facilities\\\/brain-matters-research\\\/\"},{\"@type\":\"ListItem\",\"position\":4,\"name\":\"Studies in Delray, FL\"}]},{\"@type\":\"WebSite\",\"@id\":\"https:\\\/\\\/joinaresearchstudy.com\\\/#website\",\"url\":\"https:\\\/\\\/joinaresearchstudy.com\\\/\",\"name\":\"Evolution Research Group\",\"description\":\"Join a Research Study\",\"publisher\":{\"@id\":\"https:\\\/\\\/joinaresearchstudy.com\\\/#organization\"},\"potentialAction\":[{\"@type\":\"SearchAction\",\"target\":{\"@type\":\"EntryPoint\",\"urlTemplate\":\"https:\\\/\\\/joinaresearchstudy.com\\\/?s={search_term_string}\"},\"query-input\":{\"@type\":\"PropertyValueSpecification\",\"valueRequired\":true,\"valueName\":\"search_term_string\"}}],\"inLanguage\":\"es\"},{\"@type\":\"Organization\",\"@id\":\"https:\\\/\\\/joinaresearchstudy.com\\\/#organization\",\"name\":\"Evolution Research Group\",\"url\":\"https:\\\/\\\/joinaresearchstudy.com\\\/\",\"logo\":{\"@type\":\"ImageObject\",\"inLanguage\":\"es\",\"@id\":\"https:\\\/\\\/joinaresearchstudy.com\\\/#\\\/schema\\\/logo\\\/image\\\/\",\"url\":\"https:\\\/\\\/joinaresearchstudy.com\\\/wp-content\\\/uploads\\\/2020\\\/05\\\/ERG-JARS_LOGO.png\",\"contentUrl\":\"https:\\\/\\\/joinaresearchstudy.com\\\/wp-content\\\/uploads\\\/2020\\\/05\\\/ERG-JARS_LOGO.png\",\"width\":587,\"height\":170,\"caption\":\"Evolution Research Group\"},\"image\":{\"@id\":\"https:\\\/\\\/joinaresearchstudy.com\\\/#\\\/schema\\\/logo\\\/image\\\/\"}}]}<\/script>\n<!-- \/ Yoast SEO plugin. -->","yoast_head_json":{"title":"Inscripci\u00f3n a estudios en Delray Beach y Stuart, Florida | Investigaci\u00f3n sobre Brain Matters","description":"Inscr\u00edbase en estudios en Delray Beach y Stuart, Florida. Conozca su condici\u00f3n, acceda a tratamientos y reciba compensaci\u00f3n por tiempo y desplazamiento.","robots":{"index":"index","follow":"follow","max-snippet":"max-snippet:-1","max-image-preview":"max-image-preview:large","max-video-preview":"max-video-preview:-1"},"canonical":"https:\/\/joinaresearchstudy.com\/es\/our-research-facilities\/brain-matters-research\/studies-delray\/","og_locale":"es_MX","og_type":"article","og_title":"Enrolling studies in Delray Beach & Stuart, FL | Brain Matters Research","og_description":"Enrolling Studies in Delray Beach & Stuart, Florida. Learn about your condition, gain access to treatments, compensation for time and travel.","og_url":"https:\/\/joinaresearchstudy.com\/es\/our-research-facilities\/brain-matters-research\/studies-delray\/","og_site_name":"Evolution Research Group","article_modified_time":"2024-04-09T19:41:19+00:00","og_image":[{"url":"https:\/\/joinaresearchstudy.com\/wp-content\/uploads\/2020\/05\/BMR-Blue-Logo.png","type":"","width":"","height":""}],"twitter_card":"summary_large_image","twitter_misc":{"Tiempo de lectura":"3 minutos"},"schema":{"@context":"https:\/\/schema.org","@graph":[{"@type":"WebPage","@id":"https:\/\/joinaresearchstudy.com\/our-research-facilities\/brain-matters-research\/studies-delray\/","url":"https:\/\/joinaresearchstudy.com\/our-research-facilities\/brain-matters-research\/studies-delray\/","name":"Inscripci\u00f3n a estudios en Delray Beach y Stuart, Florida | Investigaci\u00f3n sobre Brain Matters","isPartOf":{"@id":"https:\/\/joinaresearchstudy.com\/#website"},"primaryImageOfPage":{"@id":"https:\/\/joinaresearchstudy.com\/our-research-facilities\/brain-matters-research\/studies-delray\/#primaryimage"},"image":{"@id":"https:\/\/joinaresearchstudy.com\/our-research-facilities\/brain-matters-research\/studies-delray\/#primaryimage"},"thumbnailUrl":"https:\/\/joinaresearchstudy.com\/wp-content\/uploads\/2020\/05\/BMR-Blue-Logo.png","datePublished":"2020-05-07T03:33:46+00:00","dateModified":"2024-04-09T19:41:19+00:00","description":"Inscr\u00edbase en estudios en Delray Beach y Stuart, Florida. Conozca su condici\u00f3n, acceda a tratamientos y reciba compensaci\u00f3n por tiempo y desplazamiento.","breadcrumb":{"@id":"https:\/\/joinaresearchstudy.com\/our-research-facilities\/brain-matters-research\/studies-delray\/#breadcrumb"},"inLanguage":"es","potentialAction":[{"@type":"ReadAction","target":["https:\/\/joinaresearchstudy.com\/our-research-facilities\/brain-matters-research\/studies-delray\/"]}]},{"@type":"ImageObject","inLanguage":"es","@id":"https:\/\/joinaresearchstudy.com\/our-research-facilities\/brain-matters-research\/studies-delray\/#primaryimage","url":"https:\/\/joinaresearchstudy.com\/wp-content\/uploads\/2020\/05\/BMR-Blue-Logo.png","contentUrl":"https:\/\/joinaresearchstudy.com\/wp-content\/uploads\/2020\/05\/BMR-Blue-Logo.png"},{"@type":"BreadcrumbList","@id":"https:\/\/joinaresearchstudy.com\/our-research-facilities\/brain-matters-research\/studies-delray\/#breadcrumb","itemListElement":[{"@type":"ListItem","position":1,"name":"Home","item":"https:\/\/joinaresearchstudy.com\/"},{"@type":"ListItem","position":2,"name":"Our Research Facilities","item":"https:\/\/joinaresearchstudy.com\/our-research-facilities\/"},{"@type":"ListItem","position":3,"name":"Brain Matters Research","item":"https:\/\/joinaresearchstudy.com\/our-research-facilities\/brain-matters-research\/"},{"@type":"ListItem","position":4,"name":"Studies in Delray, FL"}]},{"@type":"WebSite","@id":"https:\/\/joinaresearchstudy.com\/#website","url":"https:\/\/joinaresearchstudy.com\/","name":"Grupo de Investigaci\u00f3n de la Evoluci\u00f3n","description":"\u00danase a un estudio de investigaci\u00f3n","publisher":{"@id":"https:\/\/joinaresearchstudy.com\/#organization"},"potentialAction":[{"@type":"SearchAction","target":{"@type":"EntryPoint","urlTemplate":"https:\/\/joinaresearchstudy.com\/?s={search_term_string}"},"query-input":{"@type":"PropertyValueSpecification","valueRequired":true,"valueName":"search_term_string"}}],"inLanguage":"es"},{"@type":"Organization","@id":"https:\/\/joinaresearchstudy.com\/#organization","name":"Grupo de Investigaci\u00f3n de la Evoluci\u00f3n","url":"https:\/\/joinaresearchstudy.com\/","logo":{"@type":"ImageObject","inLanguage":"es","@id":"https:\/\/joinaresearchstudy.com\/#\/schema\/logo\/image\/","url":"https:\/\/joinaresearchstudy.com\/wp-content\/uploads\/2020\/05\/ERG-JARS_LOGO.png","contentUrl":"https:\/\/joinaresearchstudy.com\/wp-content\/uploads\/2020\/05\/ERG-JARS_LOGO.png","width":587,"height":170,"caption":"Evolution Research Group"},"image":{"@id":"https:\/\/joinaresearchstudy.com\/#\/schema\/logo\/image\/"}}]}},"_links":{"self":[{"href":"https:\/\/joinaresearchstudy.com\/es\/wp-json\/wp\/v2\/pages\/166","targetHints":{"allow":["GET"]}}],"collection":[{"href":"https:\/\/joinaresearchstudy.com\/es\/wp-json\/wp\/v2\/pages"}],"about":[{"href":"https:\/\/joinaresearchstudy.com\/es\/wp-json\/wp\/v2\/types\/page"}],"author":[{"embeddable":true,"href":"https:\/\/joinaresearchstudy.com\/es\/wp-json\/wp\/v2\/users\/1"}],"replies":[{"embeddable":true,"href":"https:\/\/joinaresearchstudy.com\/es\/wp-json\/wp\/v2\/comments?post=166"}],"version-history":[{"count":0,"href":"https:\/\/joinaresearchstudy.com\/es\/wp-json\/wp\/v2\/pages\/166\/revisions"}],"up":[{"embeddable":true,"href":"https:\/\/joinaresearchstudy.com\/es\/wp-json\/wp\/v2\/pages\/35"}],"wp:attachment":[{"href":"https:\/\/joinaresearchstudy.com\/es\/wp-json\/wp\/v2\/media?parent=166"}],"curies":[{"name":"gracias","href":"https:\/\/api.w.org\/{rel}","templated":true}]}}