{"id":2526,"date":"2021-04-26T17:03:57","date_gmt":"2021-04-26T17:03:57","guid":{"rendered":"https:\/\/joinaresearchstudy.com\/?page_id=2526"},"modified":"2024-04-09T21:28:37","modified_gmt":"2024-04-09T21:28:37","slug":"studies-houston-bellaire","status":"publish","type":"page","link":"https:\/\/joinaresearchstudy.com\/es\/our-research-facilities\/hd-research\/studies-houston-bellaire\/","title":{"rendered":"Estudios en Houston \/ Bellaire, TX"},"content":{"rendered":"\t\t<div data-elementor-type=\"wp-page\" data-elementor-id=\"2526\" class=\"elementor elementor-2526\" data-elementor-post-type=\"page\">\n\t\t\t\t\t\t<section class=\"elementor-section elementor-top-section elementor-element elementor-element-d2829ab elementor-section-stretched elementor-section-height-min-height elementor-section-boxed elementor-section-height-default elementor-section-items-middle\" data-id=\"d2829ab\" data-element_type=\"section\" data-e-type=\"section\" data-settings=\"{&quot;stretch_section&quot;:&quot;section-stretched&quot;,&quot;background_background&quot;:&quot;classic&quot;,&quot;background_motion_fx_motion_fx_scrolling&quot;:&quot;yes&quot;,&quot;background_motion_fx_translateY_effect&quot;:&quot;yes&quot;,&quot;background_motion_fx_translateY_speed&quot;:{&quot;unit&quot;:&quot;px&quot;,&quot;size&quot;:4,&quot;sizes&quot;:[]},&quot;background_motion_fx_translateY_affectedRange&quot;:{&quot;unit&quot;:&quot;%&quot;,&quot;size&quot;:&quot;&quot;,&quot;sizes&quot;:{&quot;start&quot;:0,&quot;end&quot;:100}},&quot;background_motion_fx_devices&quot;:[&quot;desktop&quot;,&quot;tablet&quot;,&quot;mobile&quot;]}\">\n\t\t\t\t\t\t\t<div class=\"elementor-background-overlay\"><\/div>\n\t\t\t\t\t\t\t<div class=\"elementor-container elementor-column-gap-default\">\n\t\t\t\t\t<div class=\"elementor-column elementor-col-100 elementor-top-column elementor-element elementor-element-42389ea\" data-id=\"42389ea\" data-element_type=\"column\" data-e-type=\"column\">\n\t\t\t<div class=\"elementor-widget-wrap elementor-element-populated\">\n\t\t\t\t\t\t<div class=\"elementor-element elementor-element-8fd3c83 elementor-widget elementor-widget-image\" data-id=\"8fd3c83\" data-element_type=\"widget\" data-e-type=\"widget\" data-widget_type=\"image.default\">\n\t\t\t\t\t\t\t\t\t\t\t\t\t\t\t\t<a href=\"\/our-research-facilities\/hd-research\/\">\n\t\t\t\t\t\t\t<img fetchpriority=\"high\" decoding=\"async\" width=\"300\" height=\"290\" src=\"https:\/\/joinaresearchstudy.com\/wp-content\/uploads\/2021\/04\/HD-Research-LOGO-300x290.png\" class=\"attachment-medium size-medium wp-image-2531\" alt=\"HD Research - Houston, TX - Plano (North Dallas), TX Texas - Riverside, CA California\" srcset=\"https:\/\/joinaresearchstudy.com\/wp-content\/uploads\/2021\/04\/HD-Research-LOGO-300x290.png 300w, https:\/\/joinaresearchstudy.com\/wp-content\/uploads\/2021\/04\/HD-Research-LOGO.png 375w\" sizes=\"(max-width: 300px) 100vw, 300px\" \/>\t\t\t\t\t\t\t\t<\/a>\n\t\t\t\t\t\t\t\t\t\t\t\t\t\t\t<\/div>\n\t\t\t\t\t<\/div>\n\t\t<\/div>\n\t\t\t\t\t<\/div>\n\t\t<\/section>\n\t\t\t\t<section class=\"elementor-section elementor-top-section elementor-element elementor-element-805375f elementor-section-full_width elementor-reverse-mobile elementor-section-height-default elementor-section-height-default\" data-id=\"805375f\" data-element_type=\"section\" data-e-type=\"section\">\n\t\t\t\t\t\t<div class=\"elementor-container elementor-column-gap-wider\">\n\t\t\t\t\t<div class=\"elementor-column elementor-col-50 elementor-top-column elementor-element elementor-element-b74adef\" data-id=\"b74adef\" data-element_type=\"column\" data-e-type=\"column\">\n\t\t\t<div class=\"elementor-widget-wrap elementor-element-populated\">\n\t\t\t\t\t\t<section class=\"elementor-section elementor-inner-section elementor-element elementor-element-8d84597 elementor-section-boxed elementor-section-height-default elementor-section-height-default\" data-id=\"8d84597\" data-element_type=\"section\" data-e-type=\"section\" data-settings=\"{&quot;background_background&quot;:&quot;classic&quot;}\">\n\t\t\t\t\t\t<div class=\"elementor-container elementor-column-gap-default\">\n\t\t\t\t\t<div class=\"elementor-column elementor-col-100 elementor-inner-column elementor-element elementor-element-7b125c8\" data-id=\"7b125c8\" data-element_type=\"column\" data-e-type=\"column\">\n\t\t\t<div class=\"elementor-widget-wrap elementor-element-populated\">\n\t\t\t\t\t\t<div class=\"elementor-element elementor-element-cb52327 elementor-widget elementor-widget-google_maps\" data-id=\"cb52327\" data-element_type=\"widget\" data-e-type=\"widget\" data-widget_type=\"google_maps.default\">\n\t\t\t\t\t\t\t<div class=\"elementor-custom-embed\">\n\t\t\t<iframe loading=\"lazy\"\n\t\t\t\t\tsrc=\"https:\/\/maps.google.com\/maps?q=4801%20Bissonnet%20St.%2C%20Bellaire%2C%20TX%2077401&#038;t=m&#038;z=10&#038;output=embed&#038;iwloc=near\"\n\t\t\t\t\ttitle=\"4801 Bissonnet St., Bellaire, TX 77401\"\n\t\t\t\t\taria-label=\"4801 Bissonnet St., Bellaire, TX 77401\"\n\t\t\t><\/iframe>\n\t\t<\/div>\n\t\t\t\t\t\t<\/div>\n\t\t\t\t<div class=\"elementor-element elementor-element-f536408 elementor-widget elementor-widget-heading\" data-id=\"f536408\" data-element_type=\"widget\" data-e-type=\"widget\" data-widget_type=\"heading.default\">\n\t\t\t\t\t<h3 class=\"elementor-heading-title elementor-size-default\">First Surgical Hospital (FSH)<\/h3>\t\t\t\t<\/div>\n\t\t\t\t<div class=\"elementor-element elementor-element-5657e0d elementor-icon-list--layout-traditional elementor-list-item-link-full_width elementor-widget elementor-widget-icon-list\" data-id=\"5657e0d\" data-element_type=\"widget\" data-e-type=\"widget\" data-widget_type=\"icon-list.default\">\n\t\t\t\t\t\t\t<ul class=\"elementor-icon-list-items\">\n\t\t\t\t\t\t\t<li class=\"elementor-icon-list-item\">\n\t\t\t\t\t\t\t\t\t\t\t<a href=\"https:\/\/goo.gl\/maps\/rvbbhsENjaZBcfHU8\" target=\"_blank\">\n\n\t\t\t\t\t\t\t\t\t\t\t\t<span class=\"elementor-icon-list-icon\">\n\t\t\t\t\t\t\t<svg aria-hidden=\"true\" class=\"e-font-icon-svg e-fas-map-marker-alt\" viewBox=\"0 0 384 512\" xmlns=\"http:\/\/www.w3.org\/2000\/svg\"><path d=\"M172.268 501.67C26.97 291.031 0 269.413 0 192 0 85.961 85.961 0 192 0s192 85.961 192 192c0 77.413-26.97 99.031-172.268 309.67-9.535 13.774-29.93 13.773-39.464 0zM192 272c44.183 0 80-35.817 80-80s-35.817-80-80-80-80 35.817-80 80 35.817 80 80 80z\"><\/path><\/svg>\t\t\t\t\t\t<\/span>\n\t\t\t\t\t\t\t\t\t\t<span class=\"elementor-icon-list-text\">4801 Bissonnet St<br \/>Bellaire, TX 77401<\/span>\n\t\t\t\t\t\t\t\t\t\t\t<\/a>\n\t\t\t\t\t\t\t\t\t<\/li>\n\t\t\t\t\t\t\t\t<li class=\"elementor-icon-list-item\">\n\t\t\t\t\t\t\t\t\t\t\t<a href=\"tel:7133678548\">\n\n\t\t\t\t\t\t\t\t\t\t\t\t<span class=\"elementor-icon-list-icon\">\n\t\t\t\t\t\t\t<svg aria-hidden=\"true\" class=\"e-font-icon-svg e-fas-phone-alt\" viewBox=\"0 0 512 512\" xmlns=\"http:\/\/www.w3.org\/2000\/svg\"><path d=\"M497.39 361.8l-112-48a24 24 0 0 0-28 6.9l-49.6 60.6A370.66 370.66 0 0 1 130.6 204.11l60.6-49.6a23.94 23.94 0 0 0 6.9-28l-48-112A24.16 24.16 0 0 0 122.6.61l-104 24A24 24 0 0 0 0 48c0 256.5 207.9 464 464 464a24 24 0 0 0 23.4-18.6l24-104a24.29 24.29 0 0 0-14.01-27.6z\"><\/path><\/svg>\t\t\t\t\t\t<\/span>\n\t\t\t\t\t\t\t\t\t\t<span class=\"elementor-icon-list-text\">713-367-8548<\/span>\n\t\t\t\t\t\t\t\t\t\t\t<\/a>\n\t\t\t\t\t\t\t\t\t<\/li>\n\t\t\t\t\t\t<\/ul>\n\t\t\t\t\t\t<\/div>\n\t\t\t\t\t<\/div>\n\t\t<\/div>\n\t\t\t\t\t<\/div>\n\t\t<\/section>\n\t\t\t\t<div class=\"elementor-element elementor-element-b2e4b1e elementor-shape-circle elementor-grid-0 e-grid-align-center elementor-widget elementor-widget-social-icons\" data-id=\"b2e4b1e\" data-element_type=\"widget\" data-e-type=\"widget\" data-widget_type=\"social-icons.default\">\n\t\t\t\t\t\t\t<div class=\"elementor-social-icons-wrapper elementor-grid\">\n\t\t\t\t\t\t\t<span class=\"elementor-grid-item\">\n\t\t\t\t\t<a class=\"elementor-icon elementor-social-icon elementor-social-icon-facebook elementor-animation-grow elementor-repeater-item-9252e23\" href=\"https:\/\/www.facebook.com\/HDResearchCorp\" target=\"_blank\">\n\t\t\t\t\t\t<span class=\"elementor-screen-only\">Facebook<\/span>\n\t\t\t\t\t\t<svg aria-hidden=\"true\" class=\"e-font-icon-svg e-fab-facebook\" viewBox=\"0 0 512 512\" xmlns=\"http:\/\/www.w3.org\/2000\/svg\"><path d=\"M504 256C504 119 393 8 256 8S8 119 8 256c0 123.78 90.69 226.38 209.25 245V327.69h-63V256h63v-54.64c0-62.15 37-96.48 93.67-96.48 27.14 0 55.52 4.84 55.52 4.84v61h-31.28c-30.8 0-40.41 19.12-40.41 38.73V256h68.78l-11 71.69h-57.78V501C413.31 482.38 504 379.78 504 256z\"><\/path><\/svg>\t\t\t\t\t<\/a>\n\t\t\t\t<\/span>\n\t\t\t\t\t<\/div>\n\t\t\t\t\t\t<\/div>\n\t\t\t\t<div class=\"elementor-element elementor-element-c1c83df elementor-align-center elementor-icon-list--layout-traditional elementor-list-item-link-full_width elementor-widget elementor-widget-icon-list\" data-id=\"c1c83df\" data-element_type=\"widget\" data-e-type=\"widget\" data-widget_type=\"icon-list.default\">\n\t\t\t\t\t\t\t<ul class=\"elementor-icon-list-items\">\n\t\t\t\t\t\t\t<li class=\"elementor-icon-list-item\">\n\t\t\t\t\t\t\t\t\t\t\t<a href=\"https:\/\/hdresearch.org\/\" target=\"_blank\">\n\n\t\t\t\t\t\t\t\t\t\t\t\t<span class=\"elementor-icon-list-icon\">\n\t\t\t\t\t\t\t<i aria-hidden=\"true\" class=\"far fa-globe\"><\/i>\t\t\t\t\t\t<\/span>\n\t\t\t\t\t\t\t\t\t\t<span class=\"elementor-icon-list-text\">hdresearch.org<\/span>\n\t\t\t\t\t\t\t\t\t\t\t<\/a>\n\t\t\t\t\t\t\t\t\t<\/li>\n\t\t\t\t\t\t<\/ul>\n\t\t\t\t\t\t<\/div>\n\t\t\t\t\t<\/div>\n\t\t<\/div>\n\t\t\t\t<div class=\"elementor-column elementor-col-50 elementor-top-column elementor-element elementor-element-091bacf\" data-id=\"091bacf\" data-element_type=\"column\" data-e-type=\"column\">\n\t\t\t<div class=\"elementor-widget-wrap elementor-element-populated\">\n\t\t\t\t\t\t<div class=\"elementor-element elementor-element-d56bf8e elementor-widget elementor-widget-heading\" data-id=\"d56bf8e\" data-element_type=\"widget\" data-e-type=\"widget\" data-widget_type=\"heading.default\">\n\t\t\t\t\t<h1 class=\"elementor-heading-title elementor-size-default\"><a href=\"\/our-research-facilities\/hd-research\/\"><i class=\"far fa-chevron-left\"><\/i> HD Research<\/a><\/h1>\t\t\t\t<\/div>\n\t\t\t\t<div class=\"elementor-element elementor-element-7135592 elementor-widget elementor-widget-text-editor\" data-id=\"7135592\" data-element_type=\"widget\" data-e-type=\"widget\" data-widget_type=\"text-editor.default\">\n\t\t\t\t\t\t\t\t\t<p><script id=\"rtembed\" type=\"text\/javascript\" src=\"https:\/\/realtime-host01.com\/erg-hd\/web\/v1\/embed?location=1&#038;scrollOffset=200&#038;referrer=Direct%20Visit\" ><\/script><\/p>\t\t\t\t\t\t\t\t<\/div>\n\t\t\t\t\t<\/div>\n\t\t<\/div>\n\t\t\t\t\t<\/div>\n\t\t<\/section>\n\t\t\t\t<\/div>\n\t\t","protected":false},"excerpt":{"rendered":"<p>Primer Hospital Quir\u00fargico (FSH) 4801 Bissonnet StBellaire, TX 77401 713-367-8548 Facebook hdresearch.org HD Research<\/p>","protected":false},"author":1,"featured_media":0,"parent":2527,"menu_order":0,"comment_status":"closed","ping_status":"closed","template":"","meta":{"footnotes":""},"class_list":{"0":"post-2526","1":"page","2":"type-page","3":"status-publish","5":"infinite-scroll-item"},"yoast_head":"<!-- This site is optimized with the Yoast SEO plugin v27.5 - https:\/\/yoast.com\/product\/yoast-seo-wordpress\/ -->\n<title>Studies in Houston \/ Bellaire, TX - Evolution Research Group<\/title>\n<meta name=\"robots\" content=\"index, follow, max-snippet:-1, max-image-preview:large, max-video-preview:-1\" \/>\n<link rel=\"canonical\" href=\"https:\/\/joinaresearchstudy.com\/es\/our-research-facilities\/hd-research\/studies-houston-bellaire\/\" \/>\n<meta property=\"og:locale\" content=\"es_MX\" \/>\n<meta property=\"og:type\" content=\"article\" \/>\n<meta property=\"og:title\" content=\"Studies in Houston \/ Bellaire, TX - Evolution Research Group\" \/>\n<meta property=\"og:description\" content=\"First Surgical Hospital (FSH) 4801 Bissonnet StBellaire, TX 77401 713-367-8548 Facebook hdresearch.org HD Research\" \/>\n<meta property=\"og:url\" content=\"https:\/\/joinaresearchstudy.com\/es\/our-research-facilities\/hd-research\/studies-houston-bellaire\/\" \/>\n<meta property=\"og:site_name\" content=\"Evolution Research Group\" \/>\n<meta property=\"article:modified_time\" content=\"2024-04-09T21:28:37+00:00\" \/>\n<meta property=\"og:image\" content=\"https:\/\/joinaresearchstudy.com\/wp-content\/uploads\/2021\/04\/HD-Research-LOGO-300x290.png\" \/>\n<meta name=\"twitter:card\" content=\"summary_large_image\" \/>\n<meta name=\"twitter:label1\" content=\"Tiempo de lectura\" \/>\n\t<meta name=\"twitter:data1\" content=\"3 minutos\" \/>\n<script type=\"application\/ld+json\" class=\"yoast-schema-graph\">{\"@context\":\"https:\\\/\\\/schema.org\",\"@graph\":[{\"@type\":\"WebPage\",\"@id\":\"https:\\\/\\\/joinaresearchstudy.com\\\/our-research-facilities\\\/hd-research\\\/studies-houston-bellaire\\\/\",\"url\":\"https:\\\/\\\/joinaresearchstudy.com\\\/our-research-facilities\\\/hd-research\\\/studies-houston-bellaire\\\/\",\"name\":\"Studies in Houston \\\/ Bellaire, TX - Evolution Research Group\",\"isPartOf\":{\"@id\":\"https:\\\/\\\/joinaresearchstudy.com\\\/#website\"},\"primaryImageOfPage\":{\"@id\":\"https:\\\/\\\/joinaresearchstudy.com\\\/our-research-facilities\\\/hd-research\\\/studies-houston-bellaire\\\/#primaryimage\"},\"image\":{\"@id\":\"https:\\\/\\\/joinaresearchstudy.com\\\/our-research-facilities\\\/hd-research\\\/studies-houston-bellaire\\\/#primaryimage\"},\"thumbnailUrl\":\"https:\\\/\\\/joinaresearchstudy.com\\\/wp-content\\\/uploads\\\/2021\\\/04\\\/HD-Research-LOGO-300x290.png\",\"datePublished\":\"2021-04-26T17:03:57+00:00\",\"dateModified\":\"2024-04-09T21:28:37+00:00\",\"breadcrumb\":{\"@id\":\"https:\\\/\\\/joinaresearchstudy.com\\\/our-research-facilities\\\/hd-research\\\/studies-houston-bellaire\\\/#breadcrumb\"},\"inLanguage\":\"es\",\"potentialAction\":[{\"@type\":\"ReadAction\",\"target\":[\"https:\\\/\\\/joinaresearchstudy.com\\\/our-research-facilities\\\/hd-research\\\/studies-houston-bellaire\\\/\"]}]},{\"@type\":\"ImageObject\",\"inLanguage\":\"es\",\"@id\":\"https:\\\/\\\/joinaresearchstudy.com\\\/our-research-facilities\\\/hd-research\\\/studies-houston-bellaire\\\/#primaryimage\",\"url\":\"https:\\\/\\\/joinaresearchstudy.com\\\/wp-content\\\/uploads\\\/2021\\\/04\\\/HD-Research-LOGO-300x290.png\",\"contentUrl\":\"https:\\\/\\\/joinaresearchstudy.com\\\/wp-content\\\/uploads\\\/2021\\\/04\\\/HD-Research-LOGO-300x290.png\"},{\"@type\":\"BreadcrumbList\",\"@id\":\"https:\\\/\\\/joinaresearchstudy.com\\\/our-research-facilities\\\/hd-research\\\/studies-houston-bellaire\\\/#breadcrumb\",\"itemListElement\":[{\"@type\":\"ListItem\",\"position\":1,\"name\":\"Home\",\"item\":\"https:\\\/\\\/joinaresearchstudy.com\\\/\"},{\"@type\":\"ListItem\",\"position\":2,\"name\":\"Our Research Facilities\",\"item\":\"https:\\\/\\\/joinaresearchstudy.com\\\/our-research-facilities\\\/\"},{\"@type\":\"ListItem\",\"position\":3,\"name\":\"HD Research\",\"item\":\"https:\\\/\\\/joinaresearchstudy.com\\\/our-research-facilities\\\/hd-research\\\/\"},{\"@type\":\"ListItem\",\"position\":4,\"name\":\"Studies in Houston \\\/ Bellaire, TX\"}]},{\"@type\":\"WebSite\",\"@id\":\"https:\\\/\\\/joinaresearchstudy.com\\\/#website\",\"url\":\"https:\\\/\\\/joinaresearchstudy.com\\\/\",\"name\":\"Evolution Research Group\",\"description\":\"Join a Research Study\",\"publisher\":{\"@id\":\"https:\\\/\\\/joinaresearchstudy.com\\\/#organization\"},\"potentialAction\":[{\"@type\":\"SearchAction\",\"target\":{\"@type\":\"EntryPoint\",\"urlTemplate\":\"https:\\\/\\\/joinaresearchstudy.com\\\/?s={search_term_string}\"},\"query-input\":{\"@type\":\"PropertyValueSpecification\",\"valueRequired\":true,\"valueName\":\"search_term_string\"}}],\"inLanguage\":\"es\"},{\"@type\":\"Organization\",\"@id\":\"https:\\\/\\\/joinaresearchstudy.com\\\/#organization\",\"name\":\"Evolution Research Group\",\"url\":\"https:\\\/\\\/joinaresearchstudy.com\\\/\",\"logo\":{\"@type\":\"ImageObject\",\"inLanguage\":\"es\",\"@id\":\"https:\\\/\\\/joinaresearchstudy.com\\\/#\\\/schema\\\/logo\\\/image\\\/\",\"url\":\"https:\\\/\\\/joinaresearchstudy.com\\\/wp-content\\\/uploads\\\/2020\\\/05\\\/ERG-JARS_LOGO.png\",\"contentUrl\":\"https:\\\/\\\/joinaresearchstudy.com\\\/wp-content\\\/uploads\\\/2020\\\/05\\\/ERG-JARS_LOGO.png\",\"width\":587,\"height\":170,\"caption\":\"Evolution Research Group\"},\"image\":{\"@id\":\"https:\\\/\\\/joinaresearchstudy.com\\\/#\\\/schema\\\/logo\\\/image\\\/\"}}]}<\/script>\n<!-- \/ Yoast SEO plugin. -->","yoast_head_json":{"title":"Estudios en Houston\/Bellaire, TX - Evolution Research Group","robots":{"index":"index","follow":"follow","max-snippet":"max-snippet:-1","max-image-preview":"max-image-preview:large","max-video-preview":"max-video-preview:-1"},"canonical":"https:\/\/joinaresearchstudy.com\/es\/our-research-facilities\/hd-research\/studies-houston-bellaire\/","og_locale":"es_MX","og_type":"article","og_title":"Studies in Houston \/ Bellaire, TX - Evolution Research Group","og_description":"First Surgical Hospital (FSH) 4801 Bissonnet StBellaire, TX 77401 713-367-8548 Facebook hdresearch.org HD Research","og_url":"https:\/\/joinaresearchstudy.com\/es\/our-research-facilities\/hd-research\/studies-houston-bellaire\/","og_site_name":"Evolution Research Group","article_modified_time":"2024-04-09T21:28:37+00:00","og_image":[{"url":"https:\/\/joinaresearchstudy.com\/wp-content\/uploads\/2021\/04\/HD-Research-LOGO-300x290.png","type":"","width":"","height":""}],"twitter_card":"summary_large_image","twitter_misc":{"Tiempo de lectura":"3 minutos"},"schema":{"@context":"https:\/\/schema.org","@graph":[{"@type":"WebPage","@id":"https:\/\/joinaresearchstudy.com\/our-research-facilities\/hd-research\/studies-houston-bellaire\/","url":"https:\/\/joinaresearchstudy.com\/our-research-facilities\/hd-research\/studies-houston-bellaire\/","name":"Estudios en Houston\/Bellaire, TX - Evolution Research Group","isPartOf":{"@id":"https:\/\/joinaresearchstudy.com\/#website"},"primaryImageOfPage":{"@id":"https:\/\/joinaresearchstudy.com\/our-research-facilities\/hd-research\/studies-houston-bellaire\/#primaryimage"},"image":{"@id":"https:\/\/joinaresearchstudy.com\/our-research-facilities\/hd-research\/studies-houston-bellaire\/#primaryimage"},"thumbnailUrl":"https:\/\/joinaresearchstudy.com\/wp-content\/uploads\/2021\/04\/HD-Research-LOGO-300x290.png","datePublished":"2021-04-26T17:03:57+00:00","dateModified":"2024-04-09T21:28:37+00:00","breadcrumb":{"@id":"https:\/\/joinaresearchstudy.com\/our-research-facilities\/hd-research\/studies-houston-bellaire\/#breadcrumb"},"inLanguage":"es","potentialAction":[{"@type":"ReadAction","target":["https:\/\/joinaresearchstudy.com\/our-research-facilities\/hd-research\/studies-houston-bellaire\/"]}]},{"@type":"ImageObject","inLanguage":"es","@id":"https:\/\/joinaresearchstudy.com\/our-research-facilities\/hd-research\/studies-houston-bellaire\/#primaryimage","url":"https:\/\/joinaresearchstudy.com\/wp-content\/uploads\/2021\/04\/HD-Research-LOGO-300x290.png","contentUrl":"https:\/\/joinaresearchstudy.com\/wp-content\/uploads\/2021\/04\/HD-Research-LOGO-300x290.png"},{"@type":"BreadcrumbList","@id":"https:\/\/joinaresearchstudy.com\/our-research-facilities\/hd-research\/studies-houston-bellaire\/#breadcrumb","itemListElement":[{"@type":"ListItem","position":1,"name":"Home","item":"https:\/\/joinaresearchstudy.com\/"},{"@type":"ListItem","position":2,"name":"Our Research Facilities","item":"https:\/\/joinaresearchstudy.com\/our-research-facilities\/"},{"@type":"ListItem","position":3,"name":"HD Research","item":"https:\/\/joinaresearchstudy.com\/our-research-facilities\/hd-research\/"},{"@type":"ListItem","position":4,"name":"Studies in Houston \/ Bellaire, TX"}]},{"@type":"WebSite","@id":"https:\/\/joinaresearchstudy.com\/#website","url":"https:\/\/joinaresearchstudy.com\/","name":"Grupo de Investigaci\u00f3n de la Evoluci\u00f3n","description":"\u00danase a un estudio de investigaci\u00f3n","publisher":{"@id":"https:\/\/joinaresearchstudy.com\/#organization"},"potentialAction":[{"@type":"SearchAction","target":{"@type":"EntryPoint","urlTemplate":"https:\/\/joinaresearchstudy.com\/?s={search_term_string}"},"query-input":{"@type":"PropertyValueSpecification","valueRequired":true,"valueName":"search_term_string"}}],"inLanguage":"es"},{"@type":"Organization","@id":"https:\/\/joinaresearchstudy.com\/#organization","name":"Grupo de Investigaci\u00f3n de la Evoluci\u00f3n","url":"https:\/\/joinaresearchstudy.com\/","logo":{"@type":"ImageObject","inLanguage":"es","@id":"https:\/\/joinaresearchstudy.com\/#\/schema\/logo\/image\/","url":"https:\/\/joinaresearchstudy.com\/wp-content\/uploads\/2020\/05\/ERG-JARS_LOGO.png","contentUrl":"https:\/\/joinaresearchstudy.com\/wp-content\/uploads\/2020\/05\/ERG-JARS_LOGO.png","width":587,"height":170,"caption":"Evolution Research Group"},"image":{"@id":"https:\/\/joinaresearchstudy.com\/#\/schema\/logo\/image\/"}}]}},"_links":{"self":[{"href":"https:\/\/joinaresearchstudy.com\/es\/wp-json\/wp\/v2\/pages\/2526","targetHints":{"allow":["GET"]}}],"collection":[{"href":"https:\/\/joinaresearchstudy.com\/es\/wp-json\/wp\/v2\/pages"}],"about":[{"href":"https:\/\/joinaresearchstudy.com\/es\/wp-json\/wp\/v2\/types\/page"}],"author":[{"embeddable":true,"href":"https:\/\/joinaresearchstudy.com\/es\/wp-json\/wp\/v2\/users\/1"}],"replies":[{"embeddable":true,"href":"https:\/\/joinaresearchstudy.com\/es\/wp-json\/wp\/v2\/comments?post=2526"}],"version-history":[{"count":0,"href":"https:\/\/joinaresearchstudy.com\/es\/wp-json\/wp\/v2\/pages\/2526\/revisions"}],"up":[{"embeddable":true,"href":"https:\/\/joinaresearchstudy.com\/es\/wp-json\/wp\/v2\/pages\/2527"}],"wp:attachment":[{"href":"https:\/\/joinaresearchstudy.com\/es\/wp-json\/wp\/v2\/media?parent=2526"}],"curies":[{"name":"gracias","href":"https:\/\/api.w.org\/{rel}","templated":true}]}}