{"id":290,"date":"2020-05-08T04:37:29","date_gmt":"2020-05-08T04:37:29","guid":{"rendered":"http:\/\/jars.wpengine.com\/?page_id=290"},"modified":"2024-04-12T21:03:55","modified_gmt":"2024-04-12T21:03:55","slug":"studies","status":"publish","type":"page","link":"https:\/\/joinaresearchstudy.com\/es\/our-research-facilities\/midwest-clinical-research-center\/studies\/","title":{"rendered":"Estudios en Dayton, OH"},"content":{"rendered":"\t\t<div data-elementor-type=\"wp-page\" data-elementor-id=\"290\" class=\"elementor elementor-290\" data-elementor-post-type=\"page\">\n\t\t\t\t\t\t<section class=\"elementor-section elementor-top-section elementor-element elementor-element-a391e70 elementor-section-stretched elementor-section-height-min-height elementor-section-boxed elementor-section-height-default elementor-section-items-middle\" data-id=\"a391e70\" data-element_type=\"section\" data-e-type=\"section\" data-settings=\"{&quot;stretch_section&quot;:&quot;section-stretched&quot;,&quot;background_background&quot;:&quot;classic&quot;,&quot;background_motion_fx_motion_fx_scrolling&quot;:&quot;yes&quot;,&quot;background_motion_fx_translateY_effect&quot;:&quot;yes&quot;,&quot;background_motion_fx_translateY_speed&quot;:{&quot;unit&quot;:&quot;px&quot;,&quot;size&quot;:4,&quot;sizes&quot;:[]},&quot;background_motion_fx_translateY_affectedRange&quot;:{&quot;unit&quot;:&quot;%&quot;,&quot;size&quot;:&quot;&quot;,&quot;sizes&quot;:{&quot;start&quot;:0,&quot;end&quot;:100}},&quot;background_motion_fx_devices&quot;:[&quot;desktop&quot;,&quot;tablet&quot;,&quot;mobile&quot;]}\">\n\t\t\t\t\t\t\t<div class=\"elementor-background-overlay\"><\/div>\n\t\t\t\t\t\t\t<div class=\"elementor-container elementor-column-gap-default\">\n\t\t\t\t\t<div class=\"elementor-column elementor-col-100 elementor-top-column elementor-element elementor-element-fdb21ef\" data-id=\"fdb21ef\" data-element_type=\"column\" data-e-type=\"column\">\n\t\t\t<div class=\"elementor-widget-wrap elementor-element-populated\">\n\t\t\t\t\t\t<div class=\"elementor-element elementor-element-6da8826 elementor-widget elementor-widget-image\" data-id=\"6da8826\" data-element_type=\"widget\" data-e-type=\"widget\" data-widget_type=\"image.default\">\n\t\t\t\t\t\t\t\t\t\t\t\t\t\t\t\t<a href=\"\/our-research-facilities\/midwest-clinical-research-center\/\">\n\t\t\t\t\t\t\t<img decoding=\"async\" width=\"300\" height=\"163\" src=\"https:\/\/joinaresearchstudy.com\/wp-content\/uploads\/2020\/05\/Midwest_Clinical_Research_New_Color-01-300x163.png\" class=\"attachment-medium size-medium wp-image-637\" alt=\"Midwest Clinical Research Center\" srcset=\"https:\/\/joinaresearchstudy.com\/wp-content\/uploads\/2020\/05\/Midwest_Clinical_Research_New_Color-01-300x163.png 300w, https:\/\/joinaresearchstudy.com\/wp-content\/uploads\/2020\/05\/Midwest_Clinical_Research_New_Color-01-768x418.png 768w, https:\/\/joinaresearchstudy.com\/wp-content\/uploads\/2020\/05\/Midwest_Clinical_Research_New_Color-01.png 827w\" sizes=\"(max-width: 300px) 100vw, 300px\" \/>\t\t\t\t\t\t\t\t<\/a>\n\t\t\t\t\t\t\t\t\t\t\t\t\t\t\t<\/div>\n\t\t\t\t\t<\/div>\n\t\t<\/div>\n\t\t\t\t\t<\/div>\n\t\t<\/section>\n\t\t\t\t<section class=\"elementor-section elementor-top-section elementor-element elementor-element-4186bd2 elementor-section-full_width elementor-reverse-mobile elementor-section-height-default elementor-section-height-default\" data-id=\"4186bd2\" data-element_type=\"section\" data-e-type=\"section\">\n\t\t\t\t\t\t<div class=\"elementor-container elementor-column-gap-wider\">\n\t\t\t\t\t<div class=\"elementor-column elementor-col-50 elementor-top-column elementor-element elementor-element-8355ebd\" data-id=\"8355ebd\" data-element_type=\"column\" data-e-type=\"column\">\n\t\t\t<div class=\"elementor-widget-wrap elementor-element-populated\">\n\t\t\t\t\t\t<section class=\"elementor-section elementor-inner-section elementor-element elementor-element-d96cec6 elementor-section-boxed elementor-section-height-default elementor-section-height-default\" data-id=\"d96cec6\" data-element_type=\"section\" data-e-type=\"section\" data-settings=\"{&quot;background_background&quot;:&quot;classic&quot;}\">\n\t\t\t\t\t\t<div class=\"elementor-container elementor-column-gap-default\">\n\t\t\t\t\t<div class=\"elementor-column elementor-col-100 elementor-inner-column elementor-element elementor-element-2cd62fe\" data-id=\"2cd62fe\" data-element_type=\"column\" data-e-type=\"column\">\n\t\t\t<div class=\"elementor-widget-wrap elementor-element-populated\">\n\t\t\t\t\t\t<div class=\"elementor-element elementor-element-8b4cc6f elementor-widget elementor-widget-google_maps\" data-id=\"8b4cc6f\" data-element_type=\"widget\" data-e-type=\"widget\" data-widget_type=\"google_maps.default\">\n\t\t\t\t\t\t\t<div class=\"elementor-custom-embed\">\n\t\t\t<iframe loading=\"lazy\"\n\t\t\t\t\tsrc=\"https:\/\/maps.google.com\/maps?q=1%20Elizabeth%20Place%20Dayton%2C%20Ohio%2045417&#038;t=m&#038;z=10&#038;output=embed&#038;iwloc=near\"\n\t\t\t\t\ttitle=\"1 Elizabeth Place Dayton, Ohio 45417\"\n\t\t\t\t\taria-label=\"1 Elizabeth Place Dayton, Ohio 45417\"\n\t\t\t><\/iframe>\n\t\t<\/div>\n\t\t\t\t\t\t<\/div>\n\t\t\t\t<div class=\"elementor-element elementor-element-3aa8b53 elementor-widget elementor-widget-heading\" data-id=\"3aa8b53\" data-element_type=\"widget\" data-e-type=\"widget\" data-widget_type=\"heading.default\">\n\t\t\t\t\t<h3 class=\"elementor-heading-title elementor-size-default\">Midwest Clinical Research Center\u200b<\/h3>\t\t\t\t<\/div>\n\t\t\t\t<div class=\"elementor-element elementor-element-2901033 elementor-icon-list--layout-traditional elementor-list-item-link-full_width elementor-widget elementor-widget-icon-list\" data-id=\"2901033\" data-element_type=\"widget\" data-e-type=\"widget\" data-widget_type=\"icon-list.default\">\n\t\t\t\t\t\t\t<ul class=\"elementor-icon-list-items\">\n\t\t\t\t\t\t\t<li class=\"elementor-icon-list-item\">\n\t\t\t\t\t\t\t\t\t\t\t<a href=\"https:\/\/goo.gl\/maps\/dvwgVwLjkUnLfQR17\" target=\"_blank\">\n\n\t\t\t\t\t\t\t\t\t\t\t\t<span class=\"elementor-icon-list-icon\">\n\t\t\t\t\t\t\t<svg aria-hidden=\"true\" class=\"e-font-icon-svg e-fas-map-marker-alt\" viewBox=\"0 0 384 512\" xmlns=\"http:\/\/www.w3.org\/2000\/svg\"><path d=\"M172.268 501.67C26.97 291.031 0 269.413 0 192 0 85.961 85.961 0 192 0s192 85.961 192 192c0 77.413-26.97 99.031-172.268 309.67-9.535 13.774-29.93 13.773-39.464 0zM192 272c44.183 0 80-35.817 80-80s-35.817-80-80-80-80 35.817-80 80 35.817 80 80 80z\"><\/path><\/svg>\t\t\t\t\t\t<\/span>\n\t\t\t\t\t\t\t\t\t\t<span class=\"elementor-icon-list-text\">1 Elizabeth Pl<br \/>Dayton, OH 45417<\/span>\n\t\t\t\t\t\t\t\t\t\t\t<\/a>\n\t\t\t\t\t\t\t\t\t<\/li>\n\t\t\t\t\t\t\t\t<li class=\"elementor-icon-list-item\">\n\t\t\t\t\t\t\t\t\t\t\t<a href=\"tel:9374241050\">\n\n\t\t\t\t\t\t\t\t\t\t\t\t<span class=\"elementor-icon-list-icon\">\n\t\t\t\t\t\t\t<svg aria-hidden=\"true\" class=\"e-font-icon-svg e-fas-phone-alt\" viewBox=\"0 0 512 512\" xmlns=\"http:\/\/www.w3.org\/2000\/svg\"><path d=\"M497.39 361.8l-112-48a24 24 0 0 0-28 6.9l-49.6 60.6A370.66 370.66 0 0 1 130.6 204.11l60.6-49.6a23.94 23.94 0 0 0 6.9-28l-48-112A24.16 24.16 0 0 0 122.6.61l-104 24A24 24 0 0 0 0 48c0 256.5 207.9 464 464 464a24 24 0 0 0 23.4-18.6l24-104a24.29 24.29 0 0 0-14.01-27.6z\"><\/path><\/svg>\t\t\t\t\t\t<\/span>\n\t\t\t\t\t\t\t\t\t\t<span class=\"elementor-icon-list-text\">937-424-1050<\/span>\n\t\t\t\t\t\t\t\t\t\t\t<\/a>\n\t\t\t\t\t\t\t\t\t<\/li>\n\t\t\t\t\t\t<\/ul>\n\t\t\t\t\t\t<\/div>\n\t\t\t\t\t<\/div>\n\t\t<\/div>\n\t\t\t\t\t<\/div>\n\t\t<\/section>\n\t\t\t\t<div class=\"elementor-element elementor-element-7dd8ca1 elementor-shape-circle elementor-grid-0 e-grid-align-center elementor-widget elementor-widget-social-icons\" data-id=\"7dd8ca1\" data-element_type=\"widget\" data-e-type=\"widget\" data-widget_type=\"social-icons.default\">\n\t\t\t\t\t\t\t<div class=\"elementor-social-icons-wrapper elementor-grid\" role=\"list\">\n\t\t\t\t\t\t\t<span class=\"elementor-grid-item\" role=\"listitem\">\n\t\t\t\t\t<a class=\"elementor-icon elementor-social-icon elementor-social-icon-facebook elementor-animation-grow elementor-repeater-item-9252e23\" href=\"https:\/\/www.facebook.com\/MidwestClinicalResearchCenter\/\" target=\"_blank\">\n\t\t\t\t\t\t<span class=\"elementor-screen-only\">Facebook<\/span>\n\t\t\t\t\t\t<svg aria-hidden=\"true\" class=\"e-font-icon-svg e-fab-facebook\" viewBox=\"0 0 512 512\" xmlns=\"http:\/\/www.w3.org\/2000\/svg\"><path d=\"M504 256C504 119 393 8 256 8S8 119 8 256c0 123.78 90.69 226.38 209.25 245V327.69h-63V256h63v-54.64c0-62.15 37-96.48 93.67-96.48 27.14 0 55.52 4.84 55.52 4.84v61h-31.28c-30.8 0-40.41 19.12-40.41 38.73V256h68.78l-11 71.69h-57.78V501C413.31 482.38 504 379.78 504 256z\"><\/path><\/svg>\t\t\t\t\t<\/a>\n\t\t\t\t<\/span>\n\t\t\t\t\t\t\t<span class=\"elementor-grid-item\" role=\"listitem\">\n\t\t\t\t\t<a class=\"elementor-icon elementor-social-icon elementor-social-icon-twitter elementor-animation-grow elementor-repeater-item-4ca53c1\" href=\"https:\/\/twitter.com\/midwestclinical\" target=\"_blank\">\n\t\t\t\t\t\t<span class=\"elementor-screen-only\">Twitter<\/span>\n\t\t\t\t\t\t<svg aria-hidden=\"true\" class=\"e-font-icon-svg e-fab-twitter\" viewBox=\"0 0 512 512\" xmlns=\"http:\/\/www.w3.org\/2000\/svg\"><path d=\"M459.37 151.716c.325 4.548.325 9.097.325 13.645 0 138.72-105.583 298.558-298.558 298.558-59.452 0-114.68-17.219-161.137-47.106 8.447.974 16.568 1.299 25.34 1.299 49.055 0 94.213-16.568 130.274-44.832-46.132-.975-84.792-31.188-98.112-72.772 6.498.974 12.995 1.624 19.818 1.624 9.421 0 18.843-1.3 27.614-3.573-48.081-9.747-84.143-51.98-84.143-102.985v-1.299c13.969 7.797 30.214 12.67 47.431 13.319-28.264-18.843-46.781-51.005-46.781-87.391 0-19.492 5.197-37.36 14.294-52.954 51.655 63.675 129.3 105.258 216.365 109.807-1.624-7.797-2.599-15.918-2.599-24.04 0-57.828 46.782-104.934 104.934-104.934 30.213 0 57.502 12.67 76.67 33.137 23.715-4.548 46.456-13.32 66.599-25.34-7.798 24.366-24.366 44.833-46.132 57.827 21.117-2.273 41.584-8.122 60.426-16.243-14.292 20.791-32.161 39.308-52.628 54.253z\"><\/path><\/svg>\t\t\t\t\t<\/a>\n\t\t\t\t<\/span>\n\t\t\t\t\t<\/div>\n\t\t\t\t\t\t<\/div>\n\t\t\t\t<div class=\"elementor-element elementor-element-5914a63 elementor-align-center elementor-icon-list--layout-traditional elementor-list-item-link-full_width elementor-widget elementor-widget-icon-list\" data-id=\"5914a63\" data-element_type=\"widget\" data-e-type=\"widget\" data-widget_type=\"icon-list.default\">\n\t\t\t\t\t\t\t<ul class=\"elementor-icon-list-items\">\n\t\t\t\t\t\t\t<li class=\"elementor-icon-list-item\">\n\t\t\t\t\t\t\t\t\t\t\t<a href=\"https:\/\/midwestclinical.com\/\" target=\"_blank\">\n\n\t\t\t\t\t\t\t\t\t\t\t\t<span class=\"elementor-icon-list-icon\">\n\t\t\t\t\t\t\t<i aria-hidden=\"true\" class=\"far fa-globe\"><\/i>\t\t\t\t\t\t<\/span>\n\t\t\t\t\t\t\t\t\t\t<span class=\"elementor-icon-list-text\">midwestclinical.com<\/span>\n\t\t\t\t\t\t\t\t\t\t\t<\/a>\n\t\t\t\t\t\t\t\t\t<\/li>\n\t\t\t\t\t\t<\/ul>\n\t\t\t\t\t\t<\/div>\n\t\t\t\t\t<\/div>\n\t\t<\/div>\n\t\t\t\t<div class=\"elementor-column elementor-col-50 elementor-top-column elementor-element elementor-element-6dbf252\" data-id=\"6dbf252\" data-element_type=\"column\" data-e-type=\"column\">\n\t\t\t<div class=\"elementor-widget-wrap elementor-element-populated\">\n\t\t\t\t\t\t<div class=\"elementor-element elementor-element-2966b36 elementor-widget elementor-widget-heading\" data-id=\"2966b36\" data-element_type=\"widget\" data-e-type=\"widget\" data-widget_type=\"heading.default\">\n\t\t\t\t\t<h1 class=\"elementor-heading-title elementor-size-default\"><a href=\"\/our-research-facilities\/midwest-clinical-research-center\/\"><i class=\"far fa-chevron-left\"><\/i> Midwest Clinical Research Center<\/a><\/h1>\t\t\t\t<\/div>\n\t\t\t\t<div class=\"elementor-element elementor-element-b37c5ef elementor-widget elementor-widget-text-editor\" data-id=\"b37c5ef\" data-element_type=\"widget\" data-e-type=\"widget\" data-widget_type=\"text-editor.default\">\n\t\t\t\t\t\t\t\t\t<script id=\"rtembed\" type=\"text\/javascript\" src=\"https:\/\/realtime-host01.com\/erg-mcrc\/web\/v1\/embed?location=0&#038;scrollOffset=200&#038;referrer=Direct%20Visit\" ><\/script>\t\t\t\t\t\t\t\t<\/div>\n\t\t\t\t\t<\/div>\n\t\t<\/div>\n\t\t\t\t\t<\/div>\n\t\t<\/section>\n\t\t\t\t<\/div>\n\t\t","protected":false},"excerpt":{"rendered":"<p>Centro de Investigaci\u00f3n Cl\u00ednica del Medio Oeste 1 Elizabeth PlDayton, OH 45417 937-424-1050 Facebook Twitter midwestclinical.com Centro de Investigaci\u00f3n Cl\u00ednica del Medio Oeste<\/p>","protected":false},"author":1,"featured_media":0,"parent":43,"menu_order":0,"comment_status":"closed","ping_status":"closed","template":"","meta":{"footnotes":""},"class_list":{"0":"post-290","1":"page","2":"type-page","3":"status-publish","5":"infinite-scroll-item"},"yoast_head":"<!-- This site is optimized with the Yoast SEO plugin v27.4 - https:\/\/yoast.com\/product\/yoast-seo-wordpress\/ -->\n<title>Enrolling Studies in Dayton, Ohio | Midwest Clinical Research Center<\/title>\n<meta name=\"description\" content=\"Enrolling Studies in Dayton, Ohio. Learn about your condition, gain access to treatments, compensation for time and travel.\" \/>\n<meta name=\"robots\" content=\"index, follow, max-snippet:-1, max-image-preview:large, max-video-preview:-1\" \/>\n<link rel=\"canonical\" href=\"https:\/\/joinaresearchstudy.com\/es\/our-research-facilities\/midwest-clinical-research-center\/studies\/\" \/>\n<meta property=\"og:locale\" content=\"es_MX\" \/>\n<meta property=\"og:type\" content=\"article\" \/>\n<meta property=\"og:title\" content=\"Enrolling Studies in Dayton, Ohio | Midwest Clinical Research Center\" \/>\n<meta property=\"og:description\" content=\"Enrolling Studies in Dayton, Ohio. Learn about your condition, gain access to treatments, compensation for time and travel.\" \/>\n<meta property=\"og:url\" content=\"https:\/\/joinaresearchstudy.com\/es\/our-research-facilities\/midwest-clinical-research-center\/studies\/\" \/>\n<meta property=\"og:site_name\" content=\"Evolution Research Group\" \/>\n<meta property=\"article:modified_time\" content=\"2024-04-12T21:03:55+00:00\" \/>\n<meta property=\"og:image\" content=\"https:\/\/joinaresearchstudy.com\/wp-content\/uploads\/2020\/05\/Midwest_Clinical_Research_New_Color-01-300x163.png\" \/>\n<meta name=\"twitter:card\" content=\"summary_large_image\" \/>\n<meta name=\"twitter:label1\" content=\"Tiempo de lectura\" \/>\n\t<meta name=\"twitter:data1\" content=\"4 minutos\" \/>\n<script type=\"application\/ld+json\" class=\"yoast-schema-graph\">{\"@context\":\"https:\\\/\\\/schema.org\",\"@graph\":[{\"@type\":\"WebPage\",\"@id\":\"https:\\\/\\\/joinaresearchstudy.com\\\/our-research-facilities\\\/midwest-clinical-research-center\\\/studies\\\/\",\"url\":\"https:\\\/\\\/joinaresearchstudy.com\\\/our-research-facilities\\\/midwest-clinical-research-center\\\/studies\\\/\",\"name\":\"Enrolling Studies in Dayton, Ohio | Midwest Clinical Research Center\",\"isPartOf\":{\"@id\":\"https:\\\/\\\/joinaresearchstudy.com\\\/#website\"},\"primaryImageOfPage\":{\"@id\":\"https:\\\/\\\/joinaresearchstudy.com\\\/our-research-facilities\\\/midwest-clinical-research-center\\\/studies\\\/#primaryimage\"},\"image\":{\"@id\":\"https:\\\/\\\/joinaresearchstudy.com\\\/our-research-facilities\\\/midwest-clinical-research-center\\\/studies\\\/#primaryimage\"},\"thumbnailUrl\":\"https:\\\/\\\/joinaresearchstudy.com\\\/wp-content\\\/uploads\\\/2020\\\/05\\\/Midwest_Clinical_Research_New_Color-01-300x163.png\",\"datePublished\":\"2020-05-08T04:37:29+00:00\",\"dateModified\":\"2024-04-12T21:03:55+00:00\",\"description\":\"Enrolling Studies in Dayton, Ohio. Learn about your condition, gain access to treatments, compensation for time and travel.\",\"breadcrumb\":{\"@id\":\"https:\\\/\\\/joinaresearchstudy.com\\\/our-research-facilities\\\/midwest-clinical-research-center\\\/studies\\\/#breadcrumb\"},\"inLanguage\":\"es\",\"potentialAction\":[{\"@type\":\"ReadAction\",\"target\":[\"https:\\\/\\\/joinaresearchstudy.com\\\/our-research-facilities\\\/midwest-clinical-research-center\\\/studies\\\/\"]}]},{\"@type\":\"ImageObject\",\"inLanguage\":\"es\",\"@id\":\"https:\\\/\\\/joinaresearchstudy.com\\\/our-research-facilities\\\/midwest-clinical-research-center\\\/studies\\\/#primaryimage\",\"url\":\"https:\\\/\\\/joinaresearchstudy.com\\\/wp-content\\\/uploads\\\/2020\\\/05\\\/Midwest_Clinical_Research_New_Color-01-300x163.png\",\"contentUrl\":\"https:\\\/\\\/joinaresearchstudy.com\\\/wp-content\\\/uploads\\\/2020\\\/05\\\/Midwest_Clinical_Research_New_Color-01-300x163.png\"},{\"@type\":\"BreadcrumbList\",\"@id\":\"https:\\\/\\\/joinaresearchstudy.com\\\/our-research-facilities\\\/midwest-clinical-research-center\\\/studies\\\/#breadcrumb\",\"itemListElement\":[{\"@type\":\"ListItem\",\"position\":1,\"name\":\"Home\",\"item\":\"https:\\\/\\\/joinaresearchstudy.com\\\/\"},{\"@type\":\"ListItem\",\"position\":2,\"name\":\"Our Research Facilities\",\"item\":\"https:\\\/\\\/joinaresearchstudy.com\\\/our-research-facilities\\\/\"},{\"@type\":\"ListItem\",\"position\":3,\"name\":\"Midwest Clinical Research Center\",\"item\":\"https:\\\/\\\/joinaresearchstudy.com\\\/our-research-facilities\\\/midwest-clinical-research-center\\\/\"},{\"@type\":\"ListItem\",\"position\":4,\"name\":\"Studies in Dayton, OH\"}]},{\"@type\":\"WebSite\",\"@id\":\"https:\\\/\\\/joinaresearchstudy.com\\\/#website\",\"url\":\"https:\\\/\\\/joinaresearchstudy.com\\\/\",\"name\":\"Evolution Research Group\",\"description\":\"Join a Research Study\",\"publisher\":{\"@id\":\"https:\\\/\\\/joinaresearchstudy.com\\\/#organization\"},\"potentialAction\":[{\"@type\":\"SearchAction\",\"target\":{\"@type\":\"EntryPoint\",\"urlTemplate\":\"https:\\\/\\\/joinaresearchstudy.com\\\/?s={search_term_string}\"},\"query-input\":{\"@type\":\"PropertyValueSpecification\",\"valueRequired\":true,\"valueName\":\"search_term_string\"}}],\"inLanguage\":\"es\"},{\"@type\":\"Organization\",\"@id\":\"https:\\\/\\\/joinaresearchstudy.com\\\/#organization\",\"name\":\"Evolution Research Group\",\"url\":\"https:\\\/\\\/joinaresearchstudy.com\\\/\",\"logo\":{\"@type\":\"ImageObject\",\"inLanguage\":\"es\",\"@id\":\"https:\\\/\\\/joinaresearchstudy.com\\\/#\\\/schema\\\/logo\\\/image\\\/\",\"url\":\"https:\\\/\\\/joinaresearchstudy.com\\\/wp-content\\\/uploads\\\/2020\\\/05\\\/ERG-JARS_LOGO.png\",\"contentUrl\":\"https:\\\/\\\/joinaresearchstudy.com\\\/wp-content\\\/uploads\\\/2020\\\/05\\\/ERG-JARS_LOGO.png\",\"width\":587,\"height\":170,\"caption\":\"Evolution Research Group\"},\"image\":{\"@id\":\"https:\\\/\\\/joinaresearchstudy.com\\\/#\\\/schema\\\/logo\\\/image\\\/\"}}]}<\/script>\n<!-- \/ Yoast SEO plugin. -->","yoast_head_json":{"title":"Inscripci\u00f3n de estudios en Dayton, Ohio | Centro de Investigaci\u00f3n Cl\u00ednica del Medio Oeste","description":"Inscr\u00edbase en estudios en Dayton, Ohio. Inf\u00f3rmese sobre su condici\u00f3n, acceda a tratamientos y reciba compensaci\u00f3n por tiempo y desplazamiento.","robots":{"index":"index","follow":"follow","max-snippet":"max-snippet:-1","max-image-preview":"max-image-preview:large","max-video-preview":"max-video-preview:-1"},"canonical":"https:\/\/joinaresearchstudy.com\/es\/our-research-facilities\/midwest-clinical-research-center\/studies\/","og_locale":"es_MX","og_type":"article","og_title":"Enrolling Studies in Dayton, Ohio | Midwest Clinical Research Center","og_description":"Enrolling Studies in Dayton, Ohio. Learn about your condition, gain access to treatments, compensation for time and travel.","og_url":"https:\/\/joinaresearchstudy.com\/es\/our-research-facilities\/midwest-clinical-research-center\/studies\/","og_site_name":"Evolution Research Group","article_modified_time":"2024-04-12T21:03:55+00:00","og_image":[{"url":"https:\/\/joinaresearchstudy.com\/wp-content\/uploads\/2020\/05\/Midwest_Clinical_Research_New_Color-01-300x163.png","type":"","width":"","height":""}],"twitter_card":"summary_large_image","twitter_misc":{"Tiempo de lectura":"4 minutos"},"schema":{"@context":"https:\/\/schema.org","@graph":[{"@type":"WebPage","@id":"https:\/\/joinaresearchstudy.com\/our-research-facilities\/midwest-clinical-research-center\/studies\/","url":"https:\/\/joinaresearchstudy.com\/our-research-facilities\/midwest-clinical-research-center\/studies\/","name":"Inscripci\u00f3n de estudios en Dayton, Ohio | Centro de Investigaci\u00f3n Cl\u00ednica del Medio Oeste","isPartOf":{"@id":"https:\/\/joinaresearchstudy.com\/#website"},"primaryImageOfPage":{"@id":"https:\/\/joinaresearchstudy.com\/our-research-facilities\/midwest-clinical-research-center\/studies\/#primaryimage"},"image":{"@id":"https:\/\/joinaresearchstudy.com\/our-research-facilities\/midwest-clinical-research-center\/studies\/#primaryimage"},"thumbnailUrl":"https:\/\/joinaresearchstudy.com\/wp-content\/uploads\/2020\/05\/Midwest_Clinical_Research_New_Color-01-300x163.png","datePublished":"2020-05-08T04:37:29+00:00","dateModified":"2024-04-12T21:03:55+00:00","description":"Inscr\u00edbase en estudios en Dayton, Ohio. Inf\u00f3rmese sobre su condici\u00f3n, acceda a tratamientos y reciba compensaci\u00f3n por tiempo y desplazamiento.","breadcrumb":{"@id":"https:\/\/joinaresearchstudy.com\/our-research-facilities\/midwest-clinical-research-center\/studies\/#breadcrumb"},"inLanguage":"es","potentialAction":[{"@type":"ReadAction","target":["https:\/\/joinaresearchstudy.com\/our-research-facilities\/midwest-clinical-research-center\/studies\/"]}]},{"@type":"ImageObject","inLanguage":"es","@id":"https:\/\/joinaresearchstudy.com\/our-research-facilities\/midwest-clinical-research-center\/studies\/#primaryimage","url":"https:\/\/joinaresearchstudy.com\/wp-content\/uploads\/2020\/05\/Midwest_Clinical_Research_New_Color-01-300x163.png","contentUrl":"https:\/\/joinaresearchstudy.com\/wp-content\/uploads\/2020\/05\/Midwest_Clinical_Research_New_Color-01-300x163.png"},{"@type":"BreadcrumbList","@id":"https:\/\/joinaresearchstudy.com\/our-research-facilities\/midwest-clinical-research-center\/studies\/#breadcrumb","itemListElement":[{"@type":"ListItem","position":1,"name":"Home","item":"https:\/\/joinaresearchstudy.com\/"},{"@type":"ListItem","position":2,"name":"Our Research Facilities","item":"https:\/\/joinaresearchstudy.com\/our-research-facilities\/"},{"@type":"ListItem","position":3,"name":"Midwest Clinical Research Center","item":"https:\/\/joinaresearchstudy.com\/our-research-facilities\/midwest-clinical-research-center\/"},{"@type":"ListItem","position":4,"name":"Studies in Dayton, OH"}]},{"@type":"WebSite","@id":"https:\/\/joinaresearchstudy.com\/#website","url":"https:\/\/joinaresearchstudy.com\/","name":"Grupo de Investigaci\u00f3n de la Evoluci\u00f3n","description":"\u00danase a un estudio de investigaci\u00f3n","publisher":{"@id":"https:\/\/joinaresearchstudy.com\/#organization"},"potentialAction":[{"@type":"SearchAction","target":{"@type":"EntryPoint","urlTemplate":"https:\/\/joinaresearchstudy.com\/?s={search_term_string}"},"query-input":{"@type":"PropertyValueSpecification","valueRequired":true,"valueName":"search_term_string"}}],"inLanguage":"es"},{"@type":"Organization","@id":"https:\/\/joinaresearchstudy.com\/#organization","name":"Grupo de Investigaci\u00f3n de la Evoluci\u00f3n","url":"https:\/\/joinaresearchstudy.com\/","logo":{"@type":"ImageObject","inLanguage":"es","@id":"https:\/\/joinaresearchstudy.com\/#\/schema\/logo\/image\/","url":"https:\/\/joinaresearchstudy.com\/wp-content\/uploads\/2020\/05\/ERG-JARS_LOGO.png","contentUrl":"https:\/\/joinaresearchstudy.com\/wp-content\/uploads\/2020\/05\/ERG-JARS_LOGO.png","width":587,"height":170,"caption":"Evolution Research Group"},"image":{"@id":"https:\/\/joinaresearchstudy.com\/#\/schema\/logo\/image\/"}}]}},"_links":{"self":[{"href":"https:\/\/joinaresearchstudy.com\/es\/wp-json\/wp\/v2\/pages\/290","targetHints":{"allow":["GET"]}}],"collection":[{"href":"https:\/\/joinaresearchstudy.com\/es\/wp-json\/wp\/v2\/pages"}],"about":[{"href":"https:\/\/joinaresearchstudy.com\/es\/wp-json\/wp\/v2\/types\/page"}],"author":[{"embeddable":true,"href":"https:\/\/joinaresearchstudy.com\/es\/wp-json\/wp\/v2\/users\/1"}],"replies":[{"embeddable":true,"href":"https:\/\/joinaresearchstudy.com\/es\/wp-json\/wp\/v2\/comments?post=290"}],"version-history":[{"count":0,"href":"https:\/\/joinaresearchstudy.com\/es\/wp-json\/wp\/v2\/pages\/290\/revisions"}],"up":[{"embeddable":true,"href":"https:\/\/joinaresearchstudy.com\/es\/wp-json\/wp\/v2\/pages\/43"}],"wp:attachment":[{"href":"https:\/\/joinaresearchstudy.com\/es\/wp-json\/wp\/v2\/media?parent=290"}],"curies":[{"name":"gracias","href":"https:\/\/api.w.org\/{rel}","templated":true}]}}