{"id":7835,"date":"2023-11-14T21:14:14","date_gmt":"2023-11-14T21:14:14","guid":{"rendered":"https:\/\/joinaresearchstudy.com\/?page_id=7835"},"modified":"2023-11-14T21:15:14","modified_gmt":"2023-11-14T21:15:14","slug":"thank-you-liver","status":"publish","type":"page","link":"https:\/\/joinaresearchstudy.com\/es\/bunion-survey\/thank-you-liver\/","title":{"rendered":"\u00a1Gracias!"},"content":{"rendered":"<div data-elementor-type=\"wp-page\" data-elementor-id=\"7835\" class=\"elementor elementor-7835\" data-elementor-post-type=\"page\">\n\t\t\t\t\t\t<section class=\"elementor-section elementor-top-section elementor-element elementor-element-c723ba0 elementor-section-content-middle elementor-section-boxed elementor-section-height-default elementor-section-height-default\" data-id=\"c723ba0\" data-element_type=\"section\" data-e-type=\"section\">\n\t\t\t\t\t\t<div class=\"elementor-container elementor-column-gap-default\">\n\t\t\t\t\t<div class=\"elementor-column elementor-col-50 elementor-top-column elementor-element elementor-element-ce513da\" data-id=\"ce513da\" data-element_type=\"column\" data-e-type=\"column\">\n\t\t\t<div class=\"elementor-widget-wrap elementor-element-populated\">\n\t\t\t\t\t\t<div class=\"elementor-element elementor-element-6a4286c elementor-widget elementor-widget-image\" data-id=\"6a4286c\" data-element_type=\"widget\" data-e-type=\"widget\" data-widget_type=\"image.default\">\n\t\t\t\t\t\t\t\t\t\t\t\t\t\t\t<img fetchpriority=\"high\" decoding=\"async\" width=\"768\" height=\"444\" src=\"https:\/\/joinaresearchstudy.com\/wp-content\/uploads\/2020\/11\/thankyou-768x444.jpg\" class=\"attachment-medium_large size-medium_large wp-image-1731\" alt=\"Thank you for your interest in COVID-19 Research\" srcset=\"https:\/\/joinaresearchstudy.com\/wp-content\/uploads\/2020\/11\/thankyou-768x444.jpg 768w, https:\/\/joinaresearchstudy.com\/wp-content\/uploads\/2020\/11\/thankyou-300x174.jpg 300w, https:\/\/joinaresearchstudy.com\/wp-content\/uploads\/2020\/11\/thankyou-1024x592.jpg 1024w, https:\/\/joinaresearchstudy.com\/wp-content\/uploads\/2020\/11\/thankyou.jpg 1200w\" sizes=\"(max-width: 768px) 100vw, 768px\" \/>\t\t\t\t\t\t\t\t\t\t\t\t\t\t\t<\/div>\n\t\t\t\t\t<\/div>\n\t\t<\/div>\n\t\t\t\t<div class=\"elementor-column elementor-col-50 elementor-top-column elementor-element elementor-element-f97e7cb\" data-id=\"f97e7cb\" data-element_type=\"column\" data-e-type=\"column\">\n\t\t\t<div class=\"elementor-widget-wrap elementor-element-populated\">\n\t\t\t\t\t\t<div class=\"elementor-element elementor-element-30469b4 elementor-widget elementor-widget-heading\" data-id=\"30469b4\" data-element_type=\"widget\" data-e-type=\"widget\" data-widget_type=\"heading.default\">\n\t\t\t\t\t<h1 class=\"elementor-heading-title elementor-size-default\">\u00a1Gracias!<\/h1>\t\t\t\t<\/div>\n\t\t\t\t<div class=\"elementor-element elementor-element-eed2b64 elementor-widget elementor-widget-heading\" data-id=\"eed2b64\" data-element_type=\"widget\" data-e-type=\"widget\" data-widget_type=\"heading.default\">\n\t\t\t\t\t<h2 class=\"elementor-heading-title elementor-size-default\">Gracias por su inter\u00e9s en un estudio de investigaci\u00f3n hep\u00e1tica. Un representante se pondr\u00e1 en contacto con usted en breve para brindarle m\u00e1s informaci\u00f3n si cumple los requisitos para participar.<\/h2>\t\t\t\t<\/div>\n\t\t\t\t\t<\/div>\n\t\t<\/div>\n\t\t\t\t\t<\/div>\n\t\t<\/section>\n\t\t\t\t<\/div>","protected":false},"excerpt":{"rendered":"<p>\u00a1Gracias! Gracias por su inter\u00e9s en un estudio de investigaci\u00f3n hep\u00e1tica. Un representante se pondr\u00e1 en contacto con usted en breve con m\u00e1s informaci\u00f3n si cumple los requisitos para participar.<\/p>","protected":false},"author":18,"featured_media":0,"parent":2707,"menu_order":0,"comment_status":"closed","ping_status":"closed","template":"","meta":{"footnotes":""},"class_list":{"0":"post-7835","1":"page","2":"type-page","3":"status-publish","5":"infinite-scroll-item"},"yoast_head":"<!-- This site is optimized with the Yoast SEO plugin v27.3 - https:\/\/yoast.com\/product\/yoast-seo-wordpress\/ -->\n<title>Thank you! - Evolution Research Group<\/title>\n<meta name=\"robots\" content=\"index, follow, max-snippet:-1, max-image-preview:large, max-video-preview:-1\" \/>\n<link rel=\"canonical\" href=\"https:\/\/joinaresearchstudy.com\/es\/bunion-survey\/thank-you-liver\/\" \/>\n<meta property=\"og:locale\" content=\"es_MX\" \/>\n<meta property=\"og:type\" content=\"article\" \/>\n<meta property=\"og:title\" content=\"Thank you! - Evolution Research Group\" \/>\n<meta property=\"og:description\" content=\"Thank you! Thank you for your interest in a liver research study. A representative will contact you soon with more information if you qualify to participate.\" \/>\n<meta property=\"og:url\" content=\"https:\/\/joinaresearchstudy.com\/es\/bunion-survey\/thank-you-liver\/\" \/>\n<meta property=\"og:site_name\" content=\"Evolution Research Group\" \/>\n<meta property=\"article:modified_time\" content=\"2023-11-14T21:15:14+00:00\" \/>\n<meta property=\"og:image\" content=\"https:\/\/joinaresearchstudy.com\/wp-content\/uploads\/2020\/11\/thankyou-768x444.jpg\" \/>\n<meta name=\"twitter:card\" content=\"summary_large_image\" \/>\n<meta name=\"twitter:label1\" content=\"Tiempo de lectura\" \/>\n\t<meta name=\"twitter:data1\" content=\"1 minuto\" \/>\n<script type=\"application\/ld+json\" class=\"yoast-schema-graph\">{\"@context\":\"https:\\\/\\\/schema.org\",\"@graph\":[{\"@type\":\"WebPage\",\"@id\":\"https:\\\/\\\/joinaresearchstudy.com\\\/bunion-survey\\\/thank-you-liver\\\/\",\"url\":\"https:\\\/\\\/joinaresearchstudy.com\\\/bunion-survey\\\/thank-you-liver\\\/\",\"name\":\"Thank you! - Evolution Research Group\",\"isPartOf\":{\"@id\":\"https:\\\/\\\/joinaresearchstudy.com\\\/#website\"},\"primaryImageOfPage\":{\"@id\":\"https:\\\/\\\/joinaresearchstudy.com\\\/bunion-survey\\\/thank-you-liver\\\/#primaryimage\"},\"image\":{\"@id\":\"https:\\\/\\\/joinaresearchstudy.com\\\/bunion-survey\\\/thank-you-liver\\\/#primaryimage\"},\"thumbnailUrl\":\"https:\\\/\\\/joinaresearchstudy.com\\\/wp-content\\\/uploads\\\/2020\\\/11\\\/thankyou-768x444.jpg\",\"datePublished\":\"2023-11-14T21:14:14+00:00\",\"dateModified\":\"2023-11-14T21:15:14+00:00\",\"breadcrumb\":{\"@id\":\"https:\\\/\\\/joinaresearchstudy.com\\\/bunion-survey\\\/thank-you-liver\\\/#breadcrumb\"},\"inLanguage\":\"es\",\"potentialAction\":[{\"@type\":\"ReadAction\",\"target\":[\"https:\\\/\\\/joinaresearchstudy.com\\\/bunion-survey\\\/thank-you-liver\\\/\"]}]},{\"@type\":\"ImageObject\",\"inLanguage\":\"es\",\"@id\":\"https:\\\/\\\/joinaresearchstudy.com\\\/bunion-survey\\\/thank-you-liver\\\/#primaryimage\",\"url\":\"https:\\\/\\\/joinaresearchstudy.com\\\/wp-content\\\/uploads\\\/2020\\\/11\\\/thankyou-768x444.jpg\",\"contentUrl\":\"https:\\\/\\\/joinaresearchstudy.com\\\/wp-content\\\/uploads\\\/2020\\\/11\\\/thankyou-768x444.jpg\"},{\"@type\":\"BreadcrumbList\",\"@id\":\"https:\\\/\\\/joinaresearchstudy.com\\\/bunion-survey\\\/thank-you-liver\\\/#breadcrumb\",\"itemListElement\":[{\"@type\":\"ListItem\",\"position\":1,\"name\":\"Home\",\"item\":\"https:\\\/\\\/joinaresearchstudy.com\\\/\"},{\"@type\":\"ListItem\",\"position\":2,\"name\":\"Bunion Survey RMB\",\"item\":\"https:\\\/\\\/joinaresearchstudy.com\\\/bunion-survey\\\/\"},{\"@type\":\"ListItem\",\"position\":3,\"name\":\"Thank you!\"}]},{\"@type\":\"WebSite\",\"@id\":\"https:\\\/\\\/joinaresearchstudy.com\\\/#website\",\"url\":\"https:\\\/\\\/joinaresearchstudy.com\\\/\",\"name\":\"Evolution Research Group\",\"description\":\"Join a Research Study\",\"publisher\":{\"@id\":\"https:\\\/\\\/joinaresearchstudy.com\\\/#organization\"},\"potentialAction\":[{\"@type\":\"SearchAction\",\"target\":{\"@type\":\"EntryPoint\",\"urlTemplate\":\"https:\\\/\\\/joinaresearchstudy.com\\\/?s={search_term_string}\"},\"query-input\":{\"@type\":\"PropertyValueSpecification\",\"valueRequired\":true,\"valueName\":\"search_term_string\"}}],\"inLanguage\":\"es\"},{\"@type\":\"Organization\",\"@id\":\"https:\\\/\\\/joinaresearchstudy.com\\\/#organization\",\"name\":\"Evolution Research Group\",\"url\":\"https:\\\/\\\/joinaresearchstudy.com\\\/\",\"logo\":{\"@type\":\"ImageObject\",\"inLanguage\":\"es\",\"@id\":\"https:\\\/\\\/joinaresearchstudy.com\\\/#\\\/schema\\\/logo\\\/image\\\/\",\"url\":\"https:\\\/\\\/joinaresearchstudy.com\\\/wp-content\\\/uploads\\\/2020\\\/05\\\/ERG-JARS_LOGO.png\",\"contentUrl\":\"https:\\\/\\\/joinaresearchstudy.com\\\/wp-content\\\/uploads\\\/2020\\\/05\\\/ERG-JARS_LOGO.png\",\"width\":587,\"height\":170,\"caption\":\"Evolution Research Group\"},\"image\":{\"@id\":\"https:\\\/\\\/joinaresearchstudy.com\\\/#\\\/schema\\\/logo\\\/image\\\/\"}}]}<\/script>\n<!-- \/ Yoast SEO plugin. -->","yoast_head_json":{"title":"\u00a1Gracias! - Grupo de Investigaci\u00f3n en Evoluci\u00f3n","robots":{"index":"index","follow":"follow","max-snippet":"max-snippet:-1","max-image-preview":"max-image-preview:large","max-video-preview":"max-video-preview:-1"},"canonical":"https:\/\/joinaresearchstudy.com\/es\/bunion-survey\/thank-you-liver\/","og_locale":"es_MX","og_type":"article","og_title":"Thank you! - Evolution Research Group","og_description":"Thank you! Thank you for your interest in a liver research study. A representative will contact you soon with more information if you qualify to participate.","og_url":"https:\/\/joinaresearchstudy.com\/es\/bunion-survey\/thank-you-liver\/","og_site_name":"Evolution Research Group","article_modified_time":"2023-11-14T21:15:14+00:00","og_image":[{"url":"https:\/\/joinaresearchstudy.com\/wp-content\/uploads\/2020\/11\/thankyou-768x444.jpg","type":"","width":"","height":""}],"twitter_card":"summary_large_image","twitter_misc":{"Tiempo de lectura":"1 minuto"},"schema":{"@context":"https:\/\/schema.org","@graph":[{"@type":"WebPage","@id":"https:\/\/joinaresearchstudy.com\/bunion-survey\/thank-you-liver\/","url":"https:\/\/joinaresearchstudy.com\/bunion-survey\/thank-you-liver\/","name":"\u00a1Gracias! - Grupo de Investigaci\u00f3n en Evoluci\u00f3n","isPartOf":{"@id":"https:\/\/joinaresearchstudy.com\/#website"},"primaryImageOfPage":{"@id":"https:\/\/joinaresearchstudy.com\/bunion-survey\/thank-you-liver\/#primaryimage"},"image":{"@id":"https:\/\/joinaresearchstudy.com\/bunion-survey\/thank-you-liver\/#primaryimage"},"thumbnailUrl":"https:\/\/joinaresearchstudy.com\/wp-content\/uploads\/2020\/11\/thankyou-768x444.jpg","datePublished":"2023-11-14T21:14:14+00:00","dateModified":"2023-11-14T21:15:14+00:00","breadcrumb":{"@id":"https:\/\/joinaresearchstudy.com\/bunion-survey\/thank-you-liver\/#breadcrumb"},"inLanguage":"es","potentialAction":[{"@type":"ReadAction","target":["https:\/\/joinaresearchstudy.com\/bunion-survey\/thank-you-liver\/"]}]},{"@type":"ImageObject","inLanguage":"es","@id":"https:\/\/joinaresearchstudy.com\/bunion-survey\/thank-you-liver\/#primaryimage","url":"https:\/\/joinaresearchstudy.com\/wp-content\/uploads\/2020\/11\/thankyou-768x444.jpg","contentUrl":"https:\/\/joinaresearchstudy.com\/wp-content\/uploads\/2020\/11\/thankyou-768x444.jpg"},{"@type":"BreadcrumbList","@id":"https:\/\/joinaresearchstudy.com\/bunion-survey\/thank-you-liver\/#breadcrumb","itemListElement":[{"@type":"ListItem","position":1,"name":"Home","item":"https:\/\/joinaresearchstudy.com\/"},{"@type":"ListItem","position":2,"name":"Bunion Survey RMB","item":"https:\/\/joinaresearchstudy.com\/bunion-survey\/"},{"@type":"ListItem","position":3,"name":"Thank you!"}]},{"@type":"WebSite","@id":"https:\/\/joinaresearchstudy.com\/#website","url":"https:\/\/joinaresearchstudy.com\/","name":"Grupo de Investigaci\u00f3n de la Evoluci\u00f3n","description":"\u00danase a un estudio de investigaci\u00f3n","publisher":{"@id":"https:\/\/joinaresearchstudy.com\/#organization"},"potentialAction":[{"@type":"SearchAction","target":{"@type":"EntryPoint","urlTemplate":"https:\/\/joinaresearchstudy.com\/?s={search_term_string}"},"query-input":{"@type":"PropertyValueSpecification","valueRequired":true,"valueName":"search_term_string"}}],"inLanguage":"es"},{"@type":"Organization","@id":"https:\/\/joinaresearchstudy.com\/#organization","name":"Grupo de Investigaci\u00f3n de la Evoluci\u00f3n","url":"https:\/\/joinaresearchstudy.com\/","logo":{"@type":"ImageObject","inLanguage":"es","@id":"https:\/\/joinaresearchstudy.com\/#\/schema\/logo\/image\/","url":"https:\/\/joinaresearchstudy.com\/wp-content\/uploads\/2020\/05\/ERG-JARS_LOGO.png","contentUrl":"https:\/\/joinaresearchstudy.com\/wp-content\/uploads\/2020\/05\/ERG-JARS_LOGO.png","width":587,"height":170,"caption":"Evolution Research Group"},"image":{"@id":"https:\/\/joinaresearchstudy.com\/#\/schema\/logo\/image\/"}}]}},"_links":{"self":[{"href":"https:\/\/joinaresearchstudy.com\/es\/wp-json\/wp\/v2\/pages\/7835","targetHints":{"allow":["GET"]}}],"collection":[{"href":"https:\/\/joinaresearchstudy.com\/es\/wp-json\/wp\/v2\/pages"}],"about":[{"href":"https:\/\/joinaresearchstudy.com\/es\/wp-json\/wp\/v2\/types\/page"}],"author":[{"embeddable":true,"href":"https:\/\/joinaresearchstudy.com\/es\/wp-json\/wp\/v2\/users\/18"}],"replies":[{"embeddable":true,"href":"https:\/\/joinaresearchstudy.com\/es\/wp-json\/wp\/v2\/comments?post=7835"}],"version-history":[{"count":0,"href":"https:\/\/joinaresearchstudy.com\/es\/wp-json\/wp\/v2\/pages\/7835\/revisions"}],"up":[{"embeddable":true,"href":"https:\/\/joinaresearchstudy.com\/es\/wp-json\/wp\/v2\/pages\/2707"}],"wp:attachment":[{"href":"https:\/\/joinaresearchstudy.com\/es\/wp-json\/wp\/v2\/media?parent=7835"}],"curies":[{"name":"gracias","href":"https:\/\/api.w.org\/{rel}","templated":true}]}}